{"id":11,"date":"2023-11-27T21:25:51","date_gmt":"2023-11-27T21:25:51","guid":{"rendered":"https:\/\/staging.capannamontebar.casticino.ch\/?page_id=11"},"modified":"2024-12-22T21:42:51","modified_gmt":"2024-12-22T21:42:51","slug":"capanna","status":"publish","type":"page","link":"https:\/\/capannamontebar.casticino.ch\/?page_id=11","title":{"rendered":"CAPANNA"},"content":{"rendered":"\n<div class=\"wp-block-stackable-spacer stk-block-spacer stk--no-padding stk-block stk-5c5d0ab\" data-block-id=\"5c5d0ab\"><\/div>\n\n\n\n<div class=\"wp-block-stackable-heading stk-block-heading stk-block-heading--v2 stk-block stk-2a7cda1\" id=\"strong-caratteristiche-strong\" data-block-id=\"2a7cda1\"><style>.stk-2a7cda1 {margin-bottom:32px !important;}<\/style><h2 class=\"stk-block-heading__text\"><strong>Caratteristiche<\/strong><\/h2><\/div>\n\n\n\n<p>La struttura principale \u00e8 realizzata interamente in legno di larice con l\u2019assemblaggio di elementi prefabbricati. Il piano semi-interrato e il camino sono invece concepiti in calcestruzzo gettati in opera. Grazie alla volumetria molto compatta, voluta per sottolineare il carattere intimistico ed essenziale del rifugio, il fabbisogno energetico \u00e8 ridotto al minimo. Il refettorio, vero cuore della capanna, offre una vista a 360 gradi grazie alle ampie vetrate ed offre posto a sedere fino a 60 persone. La nuova e ampia terrazza, direttamente accessibile dal refettorio e dalla cucina, rispetta la geometria dell\u2019attuale capanna e gode di uno splendido e unico panorama. Al piano inferiore sono situati gli spazi di servizio e la zona aperta agli escursionisti durante l\u2019assenza del guardiano. Nello zoccolo trova posto anche il deposito delle biciclette, direttamente accessibile dall\u2019esterno, attraverso un generoso spazio coperto ricavato nella facciata rivolta verso Nord.<\/p>\n\n\n\n<p>La luce naturale raggiunge tutti gli spazi arricchendo cos\u00ec ogni parte del programma, come ad esempio le scale illuminate grazie ad un\u2019apertura nel tetto.<\/p>\n\n\n\n<p>L\u2019accesso alle stanze, poste ai piani superiori, si effettua salendo le scale scolpite nel blocco centrale che ospita il camino. La capanna offre la possibilit\u00e0 di pernottare in comode stanzette da 2, 4 e 6 posti per un totale di 44 posti letto. I classici letti a castello ed i servizi al piano mantengono il carattere tipico dei rifugi alpini, offrendo comunque la possibilit\u00e0 di un confortevole pernottamento, dopo una serata conviviale o prima di intraprendere appassionanti traversate escursionistiche o in bicicletta.<\/p>\n\n\n\n<p>Una saletta Workshop attrezzata per ca. 20 persone, permette di tenere riunioni, corsi o attivit\u00e0 scolastiche che si possono svolgere fra esterno ed interno.<\/p>\n\n\n\n<div style=\"height:80px\" aria-hidden=\"true\" class=\"wp-block-spacer\"><\/div>\n\n\n\n<div class=\"wp-block-columns is-layout-flex wp-container-core-columns-is-layout-9d6595d7 wp-block-columns-is-layout-flex\">\n<div class=\"wp-block-column is-layout-flow wp-block-column-is-layout-flow\" style=\"flex-basis:33.33%\">\n<p>La struttura \u00e8 pensata anche quale punto di appoggio per gli amanti della Mountain bike, un deposito chiuso, possibilit\u00e0 di ricarica delle batterie e piccola officina, secondo gli standard dei BikeHotel.<\/p>\n\n\n\n<figure class=\"wp-block-image size-full is-resized\"><img loading=\"lazy\" decoding=\"async\" width=\"273\" height=\"272\" src=\"https:\/\/staging.capannamontebar.casticino.ch\/wp-content\/uploads\/2023\/11\/sosta-merida-bikes-monte-bar.png\" alt=\"\" class=\"wp-image-69\" style=\"width:162px;height:auto\" srcset=\"https:\/\/capannamontebar.casticino.ch\/wp-content\/uploads\/2023\/11\/sosta-merida-bikes-monte-bar.png 273w, https:\/\/capannamontebar.casticino.ch\/wp-content\/uploads\/2023\/11\/sosta-merida-bikes-monte-bar-150x150.png 150w\" sizes=\"auto, (max-width: 273px) 100vw, 273px\" \/><\/figure>\n<\/div>\n\n\n\n<div class=\"wp-block-column is-layout-flow wp-block-column-is-layout-flow\" style=\"flex-basis:66.66%\">\n<figure class=\"wp-block-image size-full is-resized\"><img loading=\"lazy\" decoding=\"async\" width=\"670\" height=\"551\" src=\"https:\/\/staging.capannamontebar.casticino.ch\/wp-content\/uploads\/2024\/01\/bikes-merida.jpg\" alt=\"\" class=\"wp-image-221\" style=\"width:447px;height:auto\" srcset=\"https:\/\/capannamontebar.casticino.ch\/wp-content\/uploads\/2024\/01\/bikes-merida.jpg 670w, https:\/\/capannamontebar.casticino.ch\/wp-content\/uploads\/2024\/01\/bikes-merida-300x247.jpg 300w\" sizes=\"auto, (max-width: 670px) 100vw, 670px\" \/><\/figure>\n<\/div>\n<\/div>\n\n\n\n<p>Nel 2013 la sezione Ticino del Club alpino Svizzero ha deciso di realizzare una nuova capanna sulle pendici del Monte Bar a quota 1600 m. La vecchia capanna edificata nel 1936 e oggetto di migliorie nel 1993 presentava ormai dei grossi problemi logistici, di sicurezza e di approvvigionamento; non poteva quindi pi\u00f9 rispondere alle mutate esigenze dei frequentatori in costante aumento negli ultimi due decenni. Una nuova struttura moderna, funzionale ed ecologica, che mantenesse per\u00f2 anche determinate caratteristiche di un rifugio alpino classico, \u00e8 stato l\u2019obiettivo che i promotori intendevano perseguire per rispondere alle richieste del turista nei prossimi decenni e dei giovani alla riscoperta della natura.<\/p>\n\n\n\n<figure class=\"wp-block-gallery has-nested-images columns-default is-cropped wp-block-gallery-1 is-layout-flex wp-block-gallery-is-layout-flex\">\n<figure class=\"wp-block-image size-full\"><img loading=\"lazy\" decoding=\"async\" width=\"795\" height=\"550\" data-id=\"235\" src=\"https:\/\/staging.capannamontebar.casticino.ch\/wp-content\/uploads\/2024\/01\/interno-sera-1.bmp\" alt=\"\" class=\"wp-image-235\" srcset=\"https:\/\/capannamontebar.casticino.ch\/wp-content\/uploads\/2024\/01\/interno-sera-1.bmp 795w, https:\/\/capannamontebar.casticino.ch\/wp-content\/uploads\/2024\/01\/interno-sera-1-300x208.jpg 300w, https:\/\/capannamontebar.casticino.ch\/wp-content\/uploads\/2024\/01\/interno-sera-1-768x531.jpg 768w\" sizes=\"auto, (max-width: 795px) 100vw, 795px\" \/><\/figure>\n\n\n\n<figure class=\"wp-block-image size-large\"><img loading=\"lazy\" decoding=\"async\" width=\"672\" height=\"551\" data-id=\"232\" src=\"https:\/\/staging.capannamontebar.casticino.ch\/wp-content\/uploads\/2024\/01\/esterno-2.jpg\" alt=\"\" class=\"wp-image-232\" srcset=\"https:\/\/capannamontebar.casticino.ch\/wp-content\/uploads\/2024\/01\/esterno-2.jpg 672w, https:\/\/capannamontebar.casticino.ch\/wp-content\/uploads\/2024\/01\/esterno-2-300x246.jpg 300w\" sizes=\"auto, (max-width: 672px) 100vw, 672px\" \/><\/figure>\n\n\n\n<figure class=\"wp-block-image size-large\"><img loading=\"lazy\" decoding=\"async\" width=\"1024\" height=\"576\" data-id=\"234\" src=\"https:\/\/staging.capannamontebar.casticino.ch\/wp-content\/uploads\/2024\/01\/sala-pranzo-1-1024x576.jpg\" alt=\"\" class=\"wp-image-234\" srcset=\"https:\/\/capannamontebar.casticino.ch\/wp-content\/uploads\/2024\/01\/sala-pranzo-1-1024x576.jpg 1024w, https:\/\/capannamontebar.casticino.ch\/wp-content\/uploads\/2024\/01\/sala-pranzo-1-300x169.jpg 300w, https:\/\/capannamontebar.casticino.ch\/wp-content\/uploads\/2024\/01\/sala-pranzo-1-768x432.jpg 768w, https:\/\/capannamontebar.casticino.ch\/wp-content\/uploads\/2024\/01\/sala-pranzo-1-1536x864.jpg 1536w, https:\/\/capannamontebar.casticino.ch\/wp-content\/uploads\/2024\/01\/sala-pranzo-1-2048x1152.jpg 2048w\" sizes=\"auto, (max-width: 1024px) 100vw, 1024px\" \/><\/figure>\n<\/figure>\n\n\n\n<div style=\"height:80px\" aria-hidden=\"true\" class=\"wp-block-spacer\"><\/div>\n\n\n\n<p>Fin dall\u2019inizio, la sezione del CAS si \u00e8 resa conto della necessit\u00e0 di un approccio globale al progetto, che considerasse tutti gli elementi e punti d\u2019interesse presenti sul territorio e che permettesse di aumentare ulteriormente non solo l\u2019attrattivit\u00e0 per la capanna, ma di tutta una regione. Il fatto che il comune di Capriasca con il progetto Areaviva stesse gi\u00e0 lavorando in questo senso, assieme alla disponibilit\u00e0 e l\u2019interesse dimostrati da vari partner locali, ha permesso di creare un gruppo di lavoro che ha portato alla luce in un documento, un importante numero di elementi territoriali meritevoli di valorizzazione.<\/p>\n\n\n\n<p>La facile accessibilit\u00e0 durante tutto l\u2019arco dell\u2019anno e la posizione strategica su due percorsi regionali di escursionismo e mountain bike, ha reso la capanna un importante punto di appoggio per gli amanti dell\u2019outdoor. Le potenzialit\u00e0 della struttura sono notevoli e con ogni probabilit\u00e0 diventer\u00e0 presto una delle pi\u00f9 frequentate ed apprezzate a sud delle Alpi. Alptransit e l\u2019importante ruolo nella didattica ambientale che si vuole attribuire al progetto, permetter\u00e0 a studenti provenienti da tutta la Svizzera, di conoscere il territorio da un punto di vista diverso dagli attuali stereotipi.<\/p>\n\n\n\n<p>Selezionato tra trenta progetti, il progetto vincitore, \u201cBARLUME\u201d, \u00e8 stato ideato dallo studio di architettura Atelier PeR di Mendrisio. Secondo la giuria, i due giovani architetti vincitori, Oliviero Piffaretti e Carlo Romano, hanno proposto un edificio semplice a volume cubico e con un\u2019identit\u00e0 architettonica propria e adeguata al luogo. La costruzione in legno ruota attorno al focolare quale simbolo di aggregazione. La montagna rimane quindi l\u2019elemento dominante e la capanna costituisce una presenza dove ritrovarsi e raccontarsi. La nuova capanna si presenta come una lanterna, segno e riferimento nel paesaggio.<\/p>\n\n\n\n<p>Il volume semplice e razionale, situato poco sopra l\u2019edificio esistente, non privilegia un orientamento particolare e stabilisce una forte relazione visiva con le altre capanne adagiate sulle cime circostanti.<\/p>\n\n\n\n<p><a href=\"http:\/\/www.simonemengani.ch\/nuovo-servizio-fotografico-capanna-monte-bar\/\" target=\"_blank\" rel=\"noreferrer noopener\">Immagini del progetto: Simone Mengani<\/a><\/p>\n","protected":false},"excerpt":{"rendered":"<p>Caratteristiche La struttura principale \u00e8 realizzata interamente in legno di larice con l\u2019assemblaggio di elementi prefabbricati. Il piano semi-interrato e il camino sono invece concepiti in calcestruzzo gettati in opera. Grazie alla volumetria molto compatta, voluta per sottolineare il carattere intimistico ed essenziale del rifugio, il fabbisogno energetico \u00e8 ridotto al minimo. Il refettorio, vero [&hellip;]<\/p>\n","protected":false},"author":2,"featured_media":0,"parent":0,"menu_order":0,"comment_status":"closed","ping_status":"closed","template":"","meta":{"footnotes":""},"class_list":["post-11","page","type-page","status-publish","hentry"],"_links":{"self":[{"href":"https:\/\/capannamontebar.casticino.ch\/index.php?rest_route=\/wp\/v2\/pages\/11","targetHints":{"allow":["GET"]}}],"collection":[{"href":"https:\/\/capannamontebar.casticino.ch\/index.php?rest_route=\/wp\/v2\/pages"}],"about":[{"href":"https:\/\/capannamontebar.casticino.ch\/index.php?rest_route=\/wp\/v2\/types\/page"}],"author":[{"embeddable":true,"href":"https:\/\/capannamontebar.casticino.ch\/index.php?rest_route=\/wp\/v2\/users\/2"}],"replies":[{"embeddable":true,"href":"https:\/\/capannamontebar.casticino.ch\/index.php?rest_route=%2Fwp%2Fv2%2Fcomments&post=11"}],"version-history":[{"count":16,"href":"https:\/\/capannamontebar.casticino.ch\/index.php?rest_route=\/wp\/v2\/pages\/11\/revisions"}],"predecessor-version":[{"id":465,"href":"https:\/\/capannamontebar.casticino.ch\/index.php?rest_route=\/wp\/v2\/pages\/11\/revisions\/465"}],"wp:attachment":[{"href":"https:\/\/capannamontebar.casticino.ch\/index.php?rest_route=%2Fwp%2Fv2%2Fmedia&parent=11"}],"curies":[{"name":"wp","href":"https:\/\/api.w.org\/{rel}","templated":true}]}}