{"id":152,"date":"2023-12-15T15:53:39","date_gmt":"2023-12-15T15:53:39","guid":{"rendered":"https:\/\/staging.capannamontebar.casticino.ch\/?page_id=152"},"modified":"2026-04-28T07:38:01","modified_gmt":"2026-04-28T07:38:01","slug":"home","status":"publish","type":"page","link":"https:\/\/capannamontebar.casticino.ch\/","title":{"rendered":"HOME"},"content":{"rendered":"\n<div style=\"height:35px\" aria-hidden=\"true\" class=\"wp-block-spacer\"><\/div>\n\n\n\n<blockquote class=\"wp-block-stackable-blockquote stk-block-blockquote stk-block stk-5b7fd02 is-style-default\" data-v=\"2\" data-block-id=\"5b7fd02\"><div class=\"has-text-align-left stk-block-blockquote__content stk-container stk-5b7fd02-container stk-hover-parent\"><div class=\"stk-block-content stk-inner-blocks\">\n<div class=\"wp-block-stackable-icon stk-block-icon stk-block stk-f82ecab\" data-block-id=\"f82ecab\"><span class=\"stk--svg-wrapper\"><div class=\"stk--inner-svg\"><svg style=\"height:0;width:0\"><defs><linearGradient id=\"linear-gradient-f82ecab\" x1=\"0\" x2=\"100%\" y1=\"0\" y2=\"0\"><stop offset=\"0%\" style=\"stop-opacity:1;stop-color:var(--linear-gradient-f-82-ecab-color-1)\"><\/stop><stop offset=\"100%\" style=\"stop-opacity:1;stop-color:var(--linear-gradient-f-82-ecab-color-2)\"><\/stop><\/linearGradient><\/defs><\/svg><svg xmlns=\"http:\/\/www.w3.org\/2000\/svg\" viewBox=\"0 0 50 50\" aria-hidden=\"true\" width=\"32\" height=\"32\"><path d=\"M19.8 9.3C10.5 11.8 4.6 17 2.1 24.8c2.3-3.6 5.6-5.4 9.9-5.4 3.3 0 6 1.1 8.3 3.3 2.2 2.2 3.4 5 3.4 8.3 0 3.2-1.1 5.8-3.3 8-2.2 2.2-5.1 3.2-8.7 3.2-3.7 0-6.5-1.2-8.6-3.5C1 36.3 0 33.1 0 29 0 18.3 6.5 11.2 19.6 7.9l.2 1.4zm26.4 0C36.9 11.9 31 17 28.5 24.8c2.2-3.6 5.5-5.4 9.8-5.4 3.2 0 6 1.1 8.3 3.2 2.3 2.2 3.4 4.9 3.4 8.3 0 3.1-1.1 5.8-3.3 7.9-2.2 2.2-5.1 3.3-8.6 3.3-3.7 0-6.6-1.1-8.6-3.4-2.1-2.3-3.1-5.5-3.1-9.7 0-10.7 6.6-17.8 19.7-21.1l.1 1.4z\"><\/path><\/svg><\/div><\/span><\/div>\n\n\n\n<div class=\"wp-block-stackable-text stk-block-text stk-block stk-83c8bc8\" data-block-id=\"83c8bc8\"><p class=\"stk-block-text__text\"><strong><span style=\"color: #ff0000;\" class=\"stk-highlight\">La capanna \u00e8 aperta in modalit\u00e0 estiva<\/span><\/strong><br>Aperti tutti i giorni&nbsp;<br> <\/p><\/div>\n<\/div><\/div><\/blockquote>\n\n\n\n<div class=\"wp-block-stackable-columns stk-block-columns stk-block stk-f03abee\" data-block-id=\"f03abee\"><div class=\"stk-row stk-inner-blocks stk-block-content stk-content-align stk-f03abee-column\">\n<div class=\"wp-block-stackable-column stk-block-column stk-column stk-block stk-b9018bb\" data-v=\"4\" data-block-id=\"b9018bb\"><div class=\"stk-column-wrapper stk-block-column__content stk-container stk-b9018bb-container stk--no-background stk--no-padding\"><div class=\"stk-block-content stk-inner-blocks stk-b9018bb-inner-blocks\">\n<p>La nuova capanna Monte Bar, di propriet\u00e0 del CAS sezione Ticino, \u00e8 stata inaugurata nel 2016 esattamente 80 anni dopo il primo rifugio.<\/p>\n\n\n\n<p>Struttura moderna con 40 posti letto in piccole camerate (da 8, 6, 4 e 2 posti letto) con servizi al piano. Panoramico refettorio e terrazza esterna dai quali in tutte le stagioni si pu\u00f2 godere della magnifica vista che spazia dal luganese ai 4000 vallesani.<\/p>\n\n\n\n<p>La sua facile accessibilit\u00e0 attraverso una ricca rete di sentieri escursionistici e di Mountain bike, la sua straordinaria posizione panoramica, gli aspetti naturalistici, storici e paesaggistici sorprendenti, rendono la regione privilegiata, meta ideale per famiglie e scuole, ma anche per trascorrere una notte in rifugio dopo una piacevole cena conviviale.<\/p>\n<\/div><\/div><\/div>\n<\/div><\/div>\n\n\n","protected":false},"excerpt":{"rendered":"<p>La capanna \u00e8 aperta in modalit\u00e0 estivaAperti tutti i giorni&nbsp; La nuova capanna Monte Bar, di propriet\u00e0 del CAS sezione Ticino, \u00e8 stata inaugurata nel 2016 esattamente 80 anni dopo il primo rifugio. Struttura moderna con 40 posti letto in piccole camerate (da 8, 6, 4 e 2 posti letto) con servizi al piano. Panoramico [&hellip;]<\/p>\n","protected":false},"author":2,"featured_media":0,"parent":0,"menu_order":0,"comment_status":"closed","ping_status":"closed","template":"","meta":{"footnotes":""},"class_list":["post-152","page","type-page","status-publish","hentry"],"_links":{"self":[{"href":"https:\/\/capannamontebar.casticino.ch\/index.php?rest_route=\/wp\/v2\/pages\/152","targetHints":{"allow":["GET"]}}],"collection":[{"href":"https:\/\/capannamontebar.casticino.ch\/index.php?rest_route=\/wp\/v2\/pages"}],"about":[{"href":"https:\/\/capannamontebar.casticino.ch\/index.php?rest_route=\/wp\/v2\/types\/page"}],"author":[{"embeddable":true,"href":"https:\/\/capannamontebar.casticino.ch\/index.php?rest_route=\/wp\/v2\/users\/2"}],"replies":[{"embeddable":true,"href":"https:\/\/capannamontebar.casticino.ch\/index.php?rest_route=%2Fwp%2Fv2%2Fcomments&post=152"}],"version-history":[{"count":27,"href":"https:\/\/capannamontebar.casticino.ch\/index.php?rest_route=\/wp\/v2\/pages\/152\/revisions"}],"predecessor-version":[{"id":731,"href":"https:\/\/capannamontebar.casticino.ch\/index.php?rest_route=\/wp\/v2\/pages\/152\/revisions\/731"}],"wp:attachment":[{"href":"https:\/\/capannamontebar.casticino.ch\/index.php?rest_route=%2Fwp%2Fv2%2Fmedia&parent=152"}],"curies":[{"name":"wp","href":"https:\/\/api.w.org\/{rel}","templated":true}]}}