{"id":312,"date":"2024-11-24T18:08:30","date_gmt":"2024-11-24T18:08:30","guid":{"rendered":"https:\/\/staging.capannamontebar.casticino.ch\/?page_id=312"},"modified":"2026-04-28T07:36:51","modified_gmt":"2026-04-28T07:36:51","slug":"home-2","status":"publish","type":"page","link":"https:\/\/capannamontebar.casticino.ch\/?page_id=312&lang=de","title":{"rendered":"HOME"},"content":{"rendered":"\n<div style=\"height:18px\" aria-hidden=\"true\" class=\"wp-block-spacer\"><\/div>\n\n\n\n<blockquote class=\"wp-block-stackable-blockquote stk-block-blockquote stk-block stk-e6171b3 is-style-default\" data-v=\"2\" data-block-id=\"e6171b3\"><div class=\"has-text-align-left stk-block-blockquote__content stk-container stk-e6171b3-container stk-hover-parent\"><div class=\"stk-block-content stk-inner-blocks\">\n<div class=\"wp-block-stackable-icon stk-block-icon stk-block stk-77513d2\" data-block-id=\"77513d2\"><span class=\"stk--svg-wrapper\"><div class=\"stk--inner-svg\"><svg style=\"height:0;width:0\"><defs><linearGradient id=\"linear-gradient-77513d2\" x1=\"0\" x2=\"100%\" y1=\"0\" y2=\"0\"><stop offset=\"0%\" style=\"stop-opacity:1;stop-color:var(--linear-gradient-77513-d-2-color-1)\"><\/stop><stop offset=\"100%\" style=\"stop-opacity:1;stop-color:var(--linear-gradient-77513-d-2-color-2)\"><\/stop><\/linearGradient><\/defs><\/svg><svg xmlns=\"http:\/\/www.w3.org\/2000\/svg\" viewBox=\"0 0 50 50\" aria-hidden=\"true\" width=\"32\" height=\"32\"><path d=\"M19.8 9.3C10.5 11.8 4.6 17 2.1 24.8c2.3-3.6 5.6-5.4 9.9-5.4 3.3 0 6 1.1 8.3 3.3 2.2 2.2 3.4 5 3.4 8.3 0 3.2-1.1 5.8-3.3 8-2.2 2.2-5.1 3.2-8.7 3.2-3.7 0-6.5-1.2-8.6-3.5C1 36.3 0 33.1 0 29 0 18.3 6.5 11.2 19.6 7.9l.2 1.4zm26.4 0C36.9 11.9 31 17 28.5 24.8c2.2-3.6 5.5-5.4 9.8-5.4 3.2 0 6 1.1 8.3 3.2 2.3 2.2 3.4 4.9 3.4 8.3 0 3.1-1.1 5.8-3.3 7.9-2.2 2.2-5.1 3.3-8.6 3.3-3.7 0-6.6-1.1-8.6-3.4-2.1-2.3-3.1-5.5-3.1-9.7 0-10.7 6.6-17.8 19.7-21.1l.1 1.4z\"><\/path><\/svg><\/div><\/span><\/div>\n\n\n\n<div class=\"wp-block-stackable-text stk-block-text stk-block stk-e949c50\" data-block-id=\"e949c50\"><p class=\"stk-block-text__text\"><span style=\"color: #ff0000;\" class=\"stk-highlight\"><strong>Die H\u00fctte ist im Sommerbetrieb ge\u00f6ffnet<\/strong><\/span><br>T\u00e4glich ge\u00f6ffnet.<\/p><\/div>\n<\/div><\/div><\/blockquote>\n\n\n\n<div class=\"wp-block-stackable-columns stk-block-columns stk-block stk-f03abee\" data-block-id=\"f03abee\"><div class=\"stk-row stk-inner-blocks stk-block-content stk-content-align stk-f03abee-column\">\n<div class=\"wp-block-stackable-column stk-block-column stk-column stk-block stk-b9018bb\" data-v=\"4\" data-block-id=\"b9018bb\"><div class=\"stk-column-wrapper stk-block-column__content stk-container stk-b9018bb-container stk--no-background stk--no-padding\"><div class=\"stk-block-content stk-inner-blocks stk-b9018bb-inner-blocks\">\n<p>Die neue Monte-Bar-H\u00fctte, Eigentum der SAC-Sektion Tessin, wurde 2016 genau 80 Jahre nach der ersten H\u00fctte gebaut.<\/p>\n\n\n\n<p>Eine moderne Struktur mit 40 Betten in kleinen Schlafr\u00e4ume (8, 6, 4 und 2 Betten) mit Badezimmern auf der Etage. Ein Esssaal mit Panoramablick und eine Terrasse, von der aus man zu jeder Jahreszeit die herrliche Aussicht von Lugano bis zu den 4000 Metern des Wallisseralpen genie\u00dfen kann.<\/p>\n\n\n\n<p>Die leichte Erreichbarkeit \u00fcber ein reiches Netz von Wander- und Mountainbikewegen, die aussergew\u00f6hnliche Panoramalage und die \u00fcberraschenden nat\u00fcrlichen, historischen und landschaftlichen Aspekte machen die Region zu einem privilegierten Ziel f\u00fcr Familien und Schulen, aber auch f\u00fcr eine \u00dcbernachtung in der H\u00fctte nach einem gem\u00fctlichen Abendessen in geselliger Runde.<\/p>\n<\/div><\/div><\/div>\n<\/div><\/div>\n\n\n","protected":false},"excerpt":{"rendered":"<p>Die H\u00fctte ist im Sommerbetrieb ge\u00f6ffnetT\u00e4glich ge\u00f6ffnet. Die neue Monte-Bar-H\u00fctte, Eigentum der SAC-Sektion Tessin, wurde 2016 genau 80 Jahre nach der ersten H\u00fctte gebaut. Eine moderne Struktur mit 40 Betten in kleinen Schlafr\u00e4ume (8, 6, 4 und 2 Betten) mit Badezimmern auf der Etage. Ein Esssaal mit Panoramablick und eine Terrasse, von der aus man [&hellip;]<\/p>\n","protected":false},"author":2,"featured_media":0,"parent":0,"menu_order":0,"comment_status":"closed","ping_status":"closed","template":"","meta":{"footnotes":""},"class_list":["post-312","page","type-page","status-publish","hentry"],"_links":{"self":[{"href":"https:\/\/capannamontebar.casticino.ch\/index.php?rest_route=\/wp\/v2\/pages\/312","targetHints":{"allow":["GET"]}}],"collection":[{"href":"https:\/\/capannamontebar.casticino.ch\/index.php?rest_route=\/wp\/v2\/pages"}],"about":[{"href":"https:\/\/capannamontebar.casticino.ch\/index.php?rest_route=\/wp\/v2\/types\/page"}],"author":[{"embeddable":true,"href":"https:\/\/capannamontebar.casticino.ch\/index.php?rest_route=\/wp\/v2\/users\/2"}],"replies":[{"embeddable":true,"href":"https:\/\/capannamontebar.casticino.ch\/index.php?rest_route=%2Fwp%2Fv2%2Fcomments&post=312"}],"version-history":[{"count":18,"href":"https:\/\/capannamontebar.casticino.ch\/index.php?rest_route=\/wp\/v2\/pages\/312\/revisions"}],"predecessor-version":[{"id":730,"href":"https:\/\/capannamontebar.casticino.ch\/index.php?rest_route=\/wp\/v2\/pages\/312\/revisions\/730"}],"wp:attachment":[{"href":"https:\/\/capannamontebar.casticino.ch\/index.php?rest_route=%2Fwp%2Fv2%2Fmedia&parent=312"}],"curies":[{"name":"wp","href":"https:\/\/api.w.org\/{rel}","templated":true}]}}