{"id":314,"date":"2024-11-24T20:40:38","date_gmt":"2024-11-24T20:40:38","guid":{"rendered":"https:\/\/staging.capannamontebar.casticino.ch\/?page_id=314"},"modified":"2026-04-28T07:49:35","modified_gmt":"2026-04-28T07:49:35","slug":"preise","status":"publish","type":"page","link":"https:\/\/capannamontebar.casticino.ch\/?page_id=314&lang=de","title":{"rendered":"PREISE"},"content":{"rendered":"\n<div class=\"wp-block-stackable-spacer stk-block-spacer stk--no-padding stk-block stk-ca7b6b1\" data-block-id=\"ca7b6b1\"><\/div>\n\n\n\n<div class=\"wp-block-stackable-heading stk-block-heading stk-block-heading--v2 stk-block stk-b7a21b6\" id=\"strong-ubernachtung-und-halbpension-abendessen-und-frustuck-strong\" data-block-id=\"b7a21b6\"><style>.stk-b7a21b6 {margin-bottom:32px !important;}<\/style><h2 class=\"stk-block-heading__text\"><strong>\u00dcbernachtung und Halbpension (Abendessen und Fr\u00fcst\u00fcck)<\/strong><\/h2><\/div>\n\n\n\n<figure class=\"wp-block-table\"><table><tbody><tr><th colspan=\"3\"><strong>Mitglieder SAC-CAS\/FAT und Alpenvereine<\/strong><\/th><\/tr><tr><td>Kleinkinder<\/td><td>&lt;8 Jahre<\/td><td>CHF 30.00<\/td><\/tr><tr><td>Kinder<\/td><td>ab 8 bis 14 Jahre<\/td><td>CHF 40.00<\/td><\/tr><tr><td>Jugendliche<\/td><td>ab 15 bis 21 Jahre<\/td><td>CHF 60.00<\/td><\/tr><tr><td>Erwachsene<\/td><td>von 22 Jahre<\/td><td>CHF 80.00<\/td><\/tr><\/tbody><\/table><\/figure>\n\n\n\n<p><\/p>\n\n\n\n<figure class=\"wp-block-table\"><table><tbody><tr><th colspan=\"3\">Nicht-Mitglieder<\/th><\/tr><tr><td>Kleinkinder<\/td><td>&lt;8 Jahre<\/td><td>CHF 30.00<\/td><\/tr><tr><td>Kinder<\/td><td>ab 8 bis 14 Jahre<\/td><td>CHF 45.00<\/td><\/tr><tr><td>Jugendliche<\/td><td>ab 15 bis 21 Jahre<\/td><td>CHF 65.00<\/td><\/tr><tr><td>Erwachsene<\/td><td>von 22 Jahre<\/td><td>CHF 95.00<\/td><\/tr><\/tbody><\/table><\/figure>\n\n\n\n<p><\/p>\n\n\n\n<figure class=\"wp-block-table\"><table><tbody><tr><th colspan=\"2\"><strong><strong>Doppelzimmer<\/strong><\/strong><\/th><\/tr><tr><td>Pro Person (mit frische W\u00e4sche)<\/td><td>CHF 120.00<\/td><\/tr><tr><td>Einzelbenutzung<\/td><td>CHF 150.00<\/td><\/tr><\/tbody><\/table><\/figure>\n\n\n\n<p><\/p>\n\n\n\n<figure class=\"wp-block-table\"><table><tbody><tr><th colspan=\"2\"><strong><strong>Familienrabatt: 2 Elternteile &amp; mind 2 Kinder bis 15 Jahre<\/strong><\/strong><\/th><\/tr><tr><td><strong><strong>Freitag-Samstag<\/strong><\/strong><br>Rabatt pro Person und Nacht<\/td><td>CHF 5.00<\/td><\/tr><tr><td><strong>Sonntag-Donnerstag<\/strong><br>Rabatt pro Person und Nacht<\/td><td>CHF 10.00<\/td><\/tr><\/tbody><\/table><\/figure>\n\n\n\n<p><\/p>\n\n\n\n<figure class=\"wp-block-table\"><table><tbody><tr><th colspan=\"2\"><strong>Angebot f\u00fcr Jugendgruppen (Schulklassen, Pfadi, J&amp;S Kurse)<\/strong><br><strong>Montag-Donnerstag<\/strong><\/th><\/tr><tr><td>Kinder bis 15 Jahre<\/td><td>CHF 35.00<\/td><\/tr><tr><td>Jugendliche 15-18 Jahre<\/td><td>CHF 45.00<\/td><\/tr><\/tbody><\/table><\/figure>\n\n\n\n<hr class=\"wp-block-separator has-alpha-channel-opacity\"\/>\n\n\n\n<p><\/p>\n\n\n\n<figure class=\"wp-block-table\"><table><tbody><tr><th colspan=\"2\"><strong>Extra<\/strong><br><strong>F\u00fcr Spezialangebote oder Gastromenus bitte mit den H\u00fcttenwarten Kontakt aufnehmen.<\/strong><\/th><\/tr><tr><td>Lunchpaket zum Mitnehmen<\/td><td>CHF 12.00<\/td><\/tr><tr><td>Marschtee (1 lt)<\/td><td>CHF 3.00<\/td><\/tr><tr><td>Dusche (pro Person)<\/td><td>CHF 5.00<\/td><\/tr><tr><td><strong>Aus hygienischen Gr\u00fcnden ist die Benutzung eines H\u00fcttenschlafsacks obligatorisch.<\/strong><br>Einweg-H\u00fcttenschlafsack<\/td><td>CHF 7.00<\/td><\/tr><\/tbody><\/table><\/figure>\n\n\n\n<p><\/p>\n\n\n\n<figure class=\"wp-block-table\"><table><tbody><tr><th colspan=\"2\"><strong>Seminarraum f\u00fcr Ihre Workshops in der natur<\/strong><br><strong><strong>Platz f\u00fcr ca 15 Personen mit beamer<\/strong><\/strong><\/th><\/tr><tr><td>Tagesmiete ohne Malzeiten<\/td><td>CHF 200.00<\/td><\/tr><tr><td>Mit Mittag- oder Nachtessen<\/td><td>CHF 100.00<\/td><\/tr><tr><td>Mit Habpension<\/td><td>CHF 0.00<\/td><\/tr><\/tbody><\/table><\/figure>\n\n\n\n<div style=\"height:28px\" aria-hidden=\"true\" class=\"wp-block-spacer\"><\/div>\n\n\n\n<div class=\"wp-block-stackable-heading stk-block-heading stk-block-heading--v2 stk-block stk-c70ff91\" id=\"strong-offnungszeiten-strong\" data-block-id=\"c70ff91\"><h3 class=\"stk-block-heading__text\"><strong>\u00d6ffnungszeiten<\/strong><\/h3><\/div>\n\n\n\n<div style=\"height:23px\" aria-hidden=\"true\" class=\"wp-block-spacer\"><\/div>\n\n\n\n<div class=\"wp-block-stackable-heading stk-block-heading stk-block-heading--v2 stk-block stk-b8809c7\" id=\"sommerbetrieb\" data-block-id=\"b8809c7\"><style>.stk-b8809c7 {margin-bottom:30px !important;}<\/style><h4 class=\"stk-block-heading__text\">Sommerbetrieb<\/h4><\/div>\n\n\n\n<p><strong>Von 1 Mai 2026 bis 8 November 2026<\/strong><strong>\u00a0<\/strong>t\u00e4glich ge\u00f6ffnet<\/p>\n\n\n\n<div style=\"height:25px\" aria-hidden=\"true\" class=\"wp-block-spacer\"><\/div>\n\n\n\n<div class=\"wp-block-stackable-heading stk-block-heading stk-block-heading--v2 stk-block stk-cd5ea56\" id=\"winterbetrieb\" data-block-id=\"cd5ea56\"><style>.stk-cd5ea56 {margin-bottom:30px !important;}<\/style><h4 class=\"stk-block-heading__text\">Winterbetrieb<\/h4><\/div>\n\n\n\n<ul class=\"wp-block-list\">\n<li><strong>Von 9 November 2026 bis 30 April<\/strong> <strong>2027\u00a0<\/strong>von\u00a0<strong>Freitag mittags<\/strong>\u00a0bis\u00a0<strong>Sonntag<\/strong>\u00a0<strong>mittags<\/strong>\u00a0ge\u00f6ffnet.<\/li>\n\n\n\n<li>W\u00e4hrend Festtagen und Schulferien: immer offen.<\/li>\n\n\n\n<li>Auf Anfrage besteht die M\u00f6glichkeit f\u00fcr Spezialanl\u00e4sse ausserhalb der \u00d6ffnungszeiten.<\/li>\n\n\n\n<li>W\u00e4hrend den unbewarteten Tagen ist nur der Eingangsraum offen. Kalte und warme Getr\u00e4nke stehen zur Verf\u00fcgung und die Toiletten sind zug\u00e4nglich.<\/li>\n\n\n\n<li><strong>Es besteht keine \u00dcbernachtungsm\u00f6glichkeit!<\/strong><\/li>\n<\/ul>\n\n\n\n<div style=\"height:26px\" aria-hidden=\"true\" class=\"wp-block-spacer\"><\/div>\n\n\n\n<div class=\"wp-block-stackable-heading stk-block-heading stk-block-heading--v2 stk-block stk-ab226f2\" id=\"reservation-und-stornierung-strong-strong\" data-block-id=\"ab226f2\"><style>.stk-ab226f2 {margin-bottom:30px !important;}<\/style><h3 class=\"stk-block-heading__text\">Reservation und Stornierung<strong>&nbsp;<\/strong><\/h3><\/div>\n\n\n\n<ul class=\"wp-block-list\">\n<li><strong>Reservation:<\/strong> bitte an den folgenden&nbsp;<a style=\"color:#b0631b\" href=\"https:\/\/www.hut-reservation.org\/reservation\/book-hut\/168\/wizard\" target=\"_blank\" rel=\"noreferrer noopener\"><strong>Onlinemodul<\/strong><\/a><\/li>\n\n\n\n<li><strong>Stornierung \/ Termin\u00e4nderung \/ \u00c4nderung der Personenzahl \/ no shows:<\/strong><br>Buchungen f\u00fcr bis zu 9 Personen ohne Strafe bis 18 Uhr 2 Tage vor der Ankunft (Strafe: Fr. 50.- pro Person\/Nacht).<br>Ab 10 Personen ohne Strafe bis 18 Uhr 4 Tage vor Ankunft (Strafe: Fr. 50.- pro Person\/Nacht).<\/li>\n<\/ul>\n\n\n\n<div style=\"height:35px\" aria-hidden=\"true\" class=\"wp-block-spacer\"><\/div>\n\n\n\n<div class=\"wp-block-stackable-heading stk-block-heading stk-block-heading--v2 stk-block stk-a8582e9\" id=\"check-in-und-check-out\" data-block-id=\"a8582e9\"><style>.stk-a8582e9 {margin-bottom:30px !important;}<\/style><h3 class=\"stk-block-heading__text\">Check-in und Check-out<\/h3><\/div>\n\n\n\n<ul class=\"wp-block-list\">\n<li>Check-in: von <strong>16.30<\/strong>&nbsp;bis&nbsp;<strong>18.00<\/strong><\/li>\n\n\n\n<li>Check-out: um<strong>&nbsp;09.00<\/strong><\/li>\n<\/ul>\n\n\n\n<div style=\"height:22px\" aria-hidden=\"true\" class=\"wp-block-spacer\"><\/div>\n\n\n\n<div class=\"wp-block-stackable-heading stk-block-heading stk-block-heading--v2 stk-block stk-7735325\" id=\"offnungszeiten-der-kuche\" data-block-id=\"7735325\"><style>.stk-7735325 {margin-bottom:29px !important;}<\/style><h3 class=\"stk-block-heading__text\">\u00d6ffnungszeiten der K\u00fcche<\/h3><\/div>\n\n\n\n<ul class=\"wp-block-list\">\n<li><strong>Fr\u00fchst\u00fcck<\/strong>: 07:45 (Sommerbetried) \/ 08:00 (Winterbetrieb)<\/li>\n\n\n\n<li><strong>Warme K\u00fcche<\/strong>: 11:30 &#8211; 15:00<\/li>\n\n\n\n<li><strong>Abendessen<\/strong>: alle 19:00<\/li>\n\n\n\n<li>Essen ausserhalb dieser \u00d6ffnungszeiten ist nur auf fr\u00fchzeitige Anfrage m\u00f6glich<\/li>\n<\/ul>\n\n\n\n<p><strong><strong>F\u00fcr Abendessen ohne \u00dcbernachtung bitte reservieren.<\/strong><\/strong><\/p>\n\n\n\n<div style=\"height:24px\" aria-hidden=\"true\" class=\"wp-block-spacer\"><\/div>\n\n\n\n<div class=\"wp-block-stackable-heading stk-block-heading stk-block-heading--v2 stk-block stk-1836335\" id=\"einige-kleine-huttenregeln\" data-block-id=\"1836335\"><style>.stk-1836335 {margin-bottom:30px !important;}<\/style><h2 class=\"stk-block-heading__text\">Einige kleine H\u00fcttenregeln:<\/h2><\/div>\n\n\n\n<ul class=\"wp-block-list\">\n<li><strong><span style=\"color: #e00808;\" class=\"stk-highlight\">Hunde haben keinen Zutritt zur H\u00fctte.<\/span><\/strong><\/li>\n\n\n\n<li><span style=\"color: #dd1414;\" class=\"stk-highlight\"><strong>Kinder unter 18 Jahren sind in Begleitung eines Erwachsenen willkommen.<\/strong><\/span><br><\/li>\n\n\n\n<li>H\u00fcttenschlafsack ist obligatorisch.<\/li>\n\n\n\n<li>Es stehen Crocs zur Verf\u00fcgung! Vielen Dank dass ihr sie auch benutzt.<\/li>\n\n\n\n<li>Ab 22.00 bitte R\u00fccksicht nehmen auf bereits schlafende G\u00e4ste.<\/li>\n\n\n\n<li>G\u00e4ste, die \u00fcbernachten, sind gebeten sich bei der Ankunft zu melden und ins H\u00fcttenbuch einzutragen.<\/li>\n\n\n\n<li>Bezahlung m\u00f6glich mit Bargeld, EC, VISA, TWINT<\/li>\n<\/ul>\n\n\n\n<div class=\"wp-block-stackable-columns stk-block-columns stk-block stk-e8f1d21\" data-block-id=\"e8f1d21\"><div class=\"stk-row stk-inner-blocks stk-block-content stk-content-align stk-e8f1d21-column\">\n<div class=\"wp-block-stackable-column stk-block-column stk-column stk-block stk-af67ea2\" data-v=\"4\" data-block-id=\"af67ea2\"><div class=\"stk-column-wrapper stk-block-column__content stk-container stk-af67ea2-container stk--no-background stk--no-padding\"><div class=\"stk-block-content stk-inner-blocks stk-af67ea2-inner-blocks\">\n<div class=\"wp-block-stackable-columns stk-block-columns stk-block stk-f7fbb72\" data-block-id=\"f7fbb72\"><style>.stk-f7fbb72-column{--stk-columns-spacing:26px !important;--stk-column-gap:27px !important;}<\/style><div class=\"stk-row stk-inner-blocks stk-block-content stk-content-align stk-f7fbb72-column\">\n<div class=\"wp-block-stackable-column stk-block-column stk-column stk-block stk-a302258 stk-block-background\" data-v=\"4\" data-block-id=\"a302258\"><style>.stk-a302258-container{margin-top:12px !important;margin-right:12px !important;margin-bottom:12px !important;margin-left:12px !important;}<\/style><div class=\"stk-column-wrapper stk-block-column__content stk-container stk-a302258-container stk--no-background stk--no-padding\"><div class=\"stk-block-content stk-inner-blocks stk-a302258-inner-blocks\">\n<p>H\u00fcttenordnung<br><a href=\"https:\/\/capannamontebar.casticino.ch\/wp-content\/uploads\/2025\/04\/Disposizioni_per_gli_ospiti.pdf\" target=\"_blank\" rel=\"noreferrer noopener\">PDF herunterladen<\/a><\/p>\n<\/div><\/div><\/div>\n\n\n\n<div class=\"wp-block-stackable-column stk-block-column stk-column stk-block stk-7e6e674 stk-block-background\" data-v=\"4\" data-block-id=\"7e6e674\"><div class=\"stk-column-wrapper stk-block-column__content stk-container stk-7e6e674-container stk--no-background stk--no-padding\"><div class=\"stk-block-content stk-inner-blocks stk-7e6e674-inner-blocks\">\n<p>AGB<br><a href=\"https:\/\/capannamontebar.casticino.ch\/wp-content\/uploads\/2025\/05\/GTC_Capanna_MONTE-BAR-_EN_2025.pdf\" data-type=\"attachment\" data-id=\"697\" target=\"_blank\" rel=\"noreferrer noopener\">PDF herunterladen<\/a><\/p>\n<\/div><\/div><\/div>\n\n\n\n<div class=\"wp-block-stackable-column stk-block-column stk-column stk-block stk-e78d2d9 stk-block-background\" data-v=\"4\" data-block-id=\"e78d2d9\"><style>.stk-e78d2d9-inner-blocks{row-gap:0px !important;}.stk-e78d2d9-container{max-width:1500px !important;min-width:auto !important;}<\/style><div class=\"stk-column-wrapper stk-block-column__content stk-container stk-e78d2d9-container stk--no-background stk--no-padding\"><div class=\"has-text-align-left stk-block-content stk-inner-blocks stk-e78d2d9-inner-blocks\">\n<p>Mehr Info:<br><a href=\"mailto:montebar@casticino.ch\">montebar@casticino.ch<\/a><br>Tel.: <a href=\"tel:41919663322\">+41 91 966 33 22<\/a><\/p>\n<\/div><\/div><\/div>\n<\/div><\/div>\n<\/div><\/div><\/div>\n<\/div><\/div>\n\n\n\n<p><\/p>\n","protected":false},"excerpt":{"rendered":"<p>\u00dcbernachtung und Halbpension (Abendessen und Fr\u00fcst\u00fcck) Mitglieder SAC-CAS\/FAT und Alpenvereine Kleinkinder &lt;8 Jahre CHF 30.00 Kinder ab 8 bis 14 Jahre CHF 40.00 Jugendliche ab 15 bis 21 Jahre CHF 60.00 Erwachsene von 22 Jahre CHF 80.00 Nicht-Mitglieder Kleinkinder &lt;8 Jahre CHF 30.00 Kinder ab 8 bis 14 Jahre CHF 45.00 Jugendliche ab 15 bis [&hellip;]<\/p>\n","protected":false},"author":2,"featured_media":0,"parent":0,"menu_order":0,"comment_status":"closed","ping_status":"closed","template":"","meta":{"footnotes":""},"class_list":["post-314","page","type-page","status-publish","hentry"],"_links":{"self":[{"href":"https:\/\/capannamontebar.casticino.ch\/index.php?rest_route=\/wp\/v2\/pages\/314","targetHints":{"allow":["GET"]}}],"collection":[{"href":"https:\/\/capannamontebar.casticino.ch\/index.php?rest_route=\/wp\/v2\/pages"}],"about":[{"href":"https:\/\/capannamontebar.casticino.ch\/index.php?rest_route=\/wp\/v2\/types\/page"}],"author":[{"embeddable":true,"href":"https:\/\/capannamontebar.casticino.ch\/index.php?rest_route=\/wp\/v2\/users\/2"}],"replies":[{"embeddable":true,"href":"https:\/\/capannamontebar.casticino.ch\/index.php?rest_route=%2Fwp%2Fv2%2Fcomments&post=314"}],"version-history":[{"count":19,"href":"https:\/\/capannamontebar.casticino.ch\/index.php?rest_route=\/wp\/v2\/pages\/314\/revisions"}],"predecessor-version":[{"id":737,"href":"https:\/\/capannamontebar.casticino.ch\/index.php?rest_route=\/wp\/v2\/pages\/314\/revisions\/737"}],"wp:attachment":[{"href":"https:\/\/capannamontebar.casticino.ch\/index.php?rest_route=%2Fwp%2Fv2%2Fmedia&parent=314"}],"curies":[{"name":"wp","href":"https:\/\/api.w.org\/{rel}","templated":true}]}}