{"id":316,"date":"2024-11-25T16:58:47","date_gmt":"2024-11-25T16:58:47","guid":{"rendered":"https:\/\/staging.capannamontebar.casticino.ch\/?page_id=316"},"modified":"2024-12-22T21:44:54","modified_gmt":"2024-12-22T21:44:54","slug":"die-hutte","status":"publish","type":"page","link":"https:\/\/capannamontebar.casticino.ch\/?page_id=316&lang=de","title":{"rendered":"DIE H\u00dcTTE"},"content":{"rendered":"\n<div class=\"wp-block-stackable-spacer stk-block-spacer stk--no-padding stk-block stk-08eacfd\" data-block-id=\"08eacfd\"><\/div>\n\n\n\n<div class=\"wp-block-stackable-heading stk-block-heading stk-block-heading--v2 stk-block stk-e46bf4d\" id=\"eigenschaften\" data-block-id=\"e46bf4d\"><h2 class=\"stk-block-heading__text\">Eigenschaften<\/h2><\/div>\n\n\n\n<p>Der Bau wurde haupts\u00e4chlich aus L\u00e4rchenholz hergestellt. Es wurden vorgefertigte Elemente zusammengef\u00fcgt. Das Untergeschoss sowie der Kamin wurden hingegen in Ortbeton ausgef\u00fchrt. Dank des kompakten Bauvolumens, gewollt um der H\u00fctte einen intimen Charakter zu geben, kann der Energieverbrauch bis auf das Minimum reduziert werden. Der Speisesaal, indem bis zu 60 Personen Platz finden, ist das Herz der H\u00fctte. Dank der grossen Fenster geniesst man rundum von einer bezaubernden Aussicht. Die neue, grosse Panoramaterrasse \u00fcbernimmt die Geometrie des Geb\u00e4udes und ist direkt von der K\u00fcche und vom Aufenthaltsraum erreichbar. Im Untergeschoss befinden sich Waschr\u00e4ume und Toiletten und der Aufenthaltsraum, wo sich der Wanderer in Abwesenheit des H\u00fcttenwartes aufhalten kann. Im Sockel befindet sich auch der Fahrradraum. Der Zugang ist direkt von aussen, durch einen grossz\u00fcgigen \u00fcberdachten Raum, m\u00f6glich. Das nat\u00fcrliche Licht erreicht alle R\u00e4umlichkeiten, wie zum Beispiel das Treppenhaus, welches durch eine Dachl\u00fccke belichtet wird.<br>Der Zugang zu den Zimmern, welche sich in den Obergeschoss befinden, erfolgt \u00fcber die Treppe, die wie der Kamin, aus dem zentralen Betonblock, gewonnen wurde.<\/p>\n\n\n\n<p>Die H\u00fctte bietet die M\u00f6glichkeit, in gem\u00fctlichen Zimmern mit 2, 4 oder 6 Betten zu \u00fcbernachten und hat insgesamt 42 Schlafpl\u00e4tze. Die klassischen Doppelstockbetten und die Toiletten\/ Badezimmer auf der Etage, bewahren den typischen Charakter einer Bergh\u00fctte, bieten aber trotzdem die M\u00f6glichkeit einer bequemen \u00dcbernachtung nach einem geselligen Abend oder bevor man eine spannende Wanderung oder eine Biketour unternimmt.<br>Ein kleiner Seminarsaal mit etwa 20 Pl\u00e4tzen erlaubt es, Versammlungen, Kurse oder Aktivit\u00e4ten mit Schulen zu organisieren, die draussen wie drinnen stattfinden k\u00f6nnen.<\/p>\n\n\n\n<p><\/p>\n\n\n\n<div class=\"wp-block-stackable-columns stk-block-columns stk-block stk-e9cab87\" data-block-id=\"e9cab87\"><style>.stk-e9cab87 {margin-bottom:0px !important;}<\/style><div class=\"stk-row stk-inner-blocks stk-block-content stk-content-align stk-e9cab87-column\">\n<div class=\"wp-block-stackable-column stk-block-column stk-column stk-block stk-abeeba3\" data-v=\"4\" data-block-id=\"abeeba3\"><div class=\"stk-column-wrapper stk-block-column__content stk-container stk-abeeba3-container stk--no-background stk--no-padding\"><div class=\"stk-block-content stk-inner-blocks stk-abeeba3-inner-blocks\">\n<div class=\"wp-block-stackable-image stk-block-image stk-block stk-e57c41c\" data-block-id=\"e57c41c\"><figure><span class=\"stk-img-wrapper stk-image--shape-stretch\"><img loading=\"lazy\" decoding=\"async\" class=\"stk-img wp-image-221\" src=\"https:\/\/staging.capannamontebar.casticino.ch\/wp-content\/uploads\/2024\/01\/bikes-merida.jpg\" width=\"670\" height=\"551\" srcset=\"https:\/\/capannamontebar.casticino.ch\/wp-content\/uploads\/2024\/01\/bikes-merida.jpg 670w, https:\/\/capannamontebar.casticino.ch\/wp-content\/uploads\/2024\/01\/bikes-merida-300x247.jpg 300w\" sizes=\"auto, (max-width: 670px) 100vw, 670px\" \/><\/span><\/figure><\/div>\n<\/div><\/div><\/div>\n\n\n\n<div class=\"wp-block-stackable-column stk-block-column stk-column stk-block stk-c2bb4e8\" data-v=\"4\" data-block-id=\"c2bb4e8\"><div class=\"stk-column-wrapper stk-block-column__content stk-container stk-c2bb4e8-container stk--no-background stk--no-padding\"><div class=\"stk-block-content stk-inner-blocks stk-c2bb4e8-inner-blocks\">\n<p>Die H\u00fctte ist ausserdem auch als St\u00fctzpunkt f\u00fcr Mountainbiker konzipiert: sie bietet einen abschliessbaren Abstellraum, die M\u00f6glichkeit die Batterien der eBikes wieder aufzuladen und eine kleine Werkstatt, wie von den Standards der Bike-Hotels vorgegeben.<\/p>\n\n\n\n<div class=\"wp-block-stackable-image stk-block-image stk-block stk-149652f\" data-block-id=\"149652f\"><style>.stk-149652f .stk-img-wrapper{width:162px !important;}<\/style><figure><span class=\"stk-img-wrapper stk-image--shape-stretch\"><img loading=\"lazy\" decoding=\"async\" class=\"stk-img wp-image-69\" src=\"https:\/\/staging.capannamontebar.casticino.ch\/wp-content\/uploads\/2023\/11\/sosta-merida-bikes-monte-bar.png\" width=\"273\" height=\"272\" srcset=\"https:\/\/capannamontebar.casticino.ch\/wp-content\/uploads\/2023\/11\/sosta-merida-bikes-monte-bar.png 273w, https:\/\/capannamontebar.casticino.ch\/wp-content\/uploads\/2023\/11\/sosta-merida-bikes-monte-bar-150x150.png 150w\" sizes=\"auto, (max-width: 273px) 100vw, 273px\" \/><\/span><\/figure><\/div>\n\n\n\n<hr class=\"wp-block-separator has-alpha-channel-opacity\"\/>\n\n\n\n<hr class=\"wp-block-separator has-alpha-channel-opacity\"\/>\n<\/div><\/div><\/div>\n<\/div><\/div>\n\n\n\n<div class=\"wp-block-stackable-spacer stk-block-spacer stk--no-padding stk-block stk-723e021\" data-block-id=\"723e021\"><\/div>\n\n\n\n<p>Im Jahr 2013 hat sich die SAC Sektion Tessin entschlossen, auf dem Monte Bar auf 1600 m.\u00fc.M. eine neue H\u00fctte zu bauen. Die alte H\u00fctte, die im 1936 gebaut und 1993 renoviert wurde, zeigte leider grosse logistische, versorgungs- und sicherheitstechnische Probleme. Sie konnte die in den letzten Jahrzehnten stark gewachsenen Bed\u00fcrfnissen der Kundschaft nicht mehr erf\u00fcllen. Das Ziel der Initiatoren war eine neue, moderne Struktur, \u00f6kologisch und funktionell, welche trotz allem Komfort den alpinen Charakter beibeh\u00e4lt. Somit soll gew\u00e4hrleistet werden, dass die Anforderungen der Touristen und der Jugendlichen, welche die Natur wieder entdecken m\u00f6chte, auch in den kommenden Jahrzehnten befriedigt werden k\u00f6nnen.<\/p>\n\n\n\n<div class=\"wp-block-stackable-columns stk-block-columns stk-block stk-2d90a50\" data-block-id=\"2d90a50\"><div class=\"stk-row stk-inner-blocks stk-block-content stk-content-align stk-2d90a50-column\">\n<div class=\"wp-block-stackable-column stk-block-column stk-column stk-block stk-75b9250\" data-v=\"4\" data-block-id=\"75b9250\"><div class=\"stk-column-wrapper stk-block-column__content stk-container stk-75b9250-container stk--no-background stk--no-padding\"><div class=\"stk-block-content stk-inner-blocks stk-75b9250-inner-blocks\">\n<div class=\"wp-block-stackable-image stk-block-image stk-block stk-8005b09\" data-block-id=\"8005b09\"><figure><span class=\"stk-img-wrapper stk-image--shape-stretch\"><img loading=\"lazy\" decoding=\"async\" class=\"stk-img wp-image-235\" src=\"https:\/\/staging.capannamontebar.casticino.ch\/wp-content\/uploads\/2024\/01\/interno-sera-1.bmp\" width=\"795\" height=\"550\" srcset=\"https:\/\/capannamontebar.casticino.ch\/wp-content\/uploads\/2024\/01\/interno-sera-1.bmp 795w, https:\/\/capannamontebar.casticino.ch\/wp-content\/uploads\/2024\/01\/interno-sera-1-300x208.jpg 300w, https:\/\/capannamontebar.casticino.ch\/wp-content\/uploads\/2024\/01\/interno-sera-1-768x531.jpg 768w\" sizes=\"auto, (max-width: 795px) 100vw, 795px\" \/><\/span><\/figure><\/div>\n<\/div><\/div><\/div>\n\n\n\n<div class=\"wp-block-stackable-column stk-block-column stk-column stk-block stk-84dc1c5\" data-v=\"4\" data-block-id=\"84dc1c5\"><div class=\"stk-column-wrapper stk-block-column__content stk-container stk-84dc1c5-container stk--no-background stk--no-padding\"><div class=\"stk-block-content stk-inner-blocks stk-84dc1c5-inner-blocks\">\n<div class=\"wp-block-stackable-image stk-block-image stk-block stk-a588711\" data-block-id=\"a588711\"><style>.stk-a588711 .stk-img-wrapper{width:100% !important;height:175px !important;}<\/style><figure><span class=\"stk-img-wrapper stk-image--shape-stretch\"><img loading=\"lazy\" decoding=\"async\" class=\"stk-img wp-image-232\" src=\"https:\/\/staging.capannamontebar.casticino.ch\/wp-content\/uploads\/2024\/01\/esterno-2.jpg\" width=\"672\" height=\"551\" srcset=\"https:\/\/capannamontebar.casticino.ch\/wp-content\/uploads\/2024\/01\/esterno-2.jpg 672w, https:\/\/capannamontebar.casticino.ch\/wp-content\/uploads\/2024\/01\/esterno-2-300x246.jpg 300w\" sizes=\"auto, (max-width: 672px) 100vw, 672px\" \/><\/span><\/figure><\/div>\n<\/div><\/div><\/div>\n\n\n\n<div class=\"wp-block-stackable-column stk-block-column stk-column stk-block stk-58d7b10\" data-v=\"4\" data-block-id=\"58d7b10\"><div class=\"stk-column-wrapper stk-block-column__content stk-container stk-58d7b10-container stk--no-background stk--no-padding\"><div class=\"stk-block-content stk-inner-blocks stk-58d7b10-inner-blocks\">\n<div class=\"wp-block-stackable-image stk-block-image stk-block stk-bd2218b\" data-block-id=\"bd2218b\"><style>.stk-bd2218b .stk-img-wrapper{width:100% !important;height:173px !important;}<\/style><figure><span class=\"stk-img-wrapper stk-image--shape-stretch\"><img loading=\"lazy\" decoding=\"async\" class=\"stk-img wp-image-234\" src=\"https:\/\/staging.capannamontebar.casticino.ch\/wp-content\/uploads\/2024\/01\/sala-pranzo-1-scaled.jpg\" width=\"2560\" height=\"1440\" srcset=\"https:\/\/capannamontebar.casticino.ch\/wp-content\/uploads\/2024\/01\/sala-pranzo-1-scaled.jpg 2560w, https:\/\/capannamontebar.casticino.ch\/wp-content\/uploads\/2024\/01\/sala-pranzo-1-300x169.jpg 300w, https:\/\/capannamontebar.casticino.ch\/wp-content\/uploads\/2024\/01\/sala-pranzo-1-1024x576.jpg 1024w, https:\/\/capannamontebar.casticino.ch\/wp-content\/uploads\/2024\/01\/sala-pranzo-1-768x432.jpg 768w, https:\/\/capannamontebar.casticino.ch\/wp-content\/uploads\/2024\/01\/sala-pranzo-1-1536x864.jpg 1536w, https:\/\/capannamontebar.casticino.ch\/wp-content\/uploads\/2024\/01\/sala-pranzo-1-2048x1152.jpg 2048w\" sizes=\"auto, (max-width: 2560px) 100vw, 2560px\" \/><\/span><\/figure><\/div>\n<\/div><\/div><\/div>\n<\/div><\/div>\n\n\n\n<p><br>Bereits zu Beginn war f\u00fcr die SAC Sektion klar, dass man alle Elemente der Gegend ber\u00fccksichtigen musste und ein globaler Ansatz war unumg\u00e4nglich. Ziel war es, nicht nur die Attraktivit\u00e4t der H\u00fctte zu f\u00f6rdern, sondern die der ganzen Gegend. Die Gemeinde Capriasca war dank ihrem Projekt Areaviva bereits in diese Richtung orientiert, und mit Hilfe verschiedener lokalen Partner, die ebenfalls Interesse zeigten, wurde eine Arbeitsgruppe gegr\u00fcndet, die zur Auflistung einer Vielfalt von interessanten Elemente der Gegend gef\u00fchrt hat.<br>Der w\u00e4hrend des ganzen Jahres bequeme und einfache Zustieg, sowie die strategische Lage, gerade auf zwei regionalen wichtigen Mountainbike- und Wanderwegen, hat die H\u00fctte zu einem wichtigen Anhaltspunkt der Outdoor-Liebhaber gemacht. Die H\u00fctte hat grosses Potential und wir sind \u00fcberzeugt, dass sie bald zu den meist besuchten und beliebten H\u00fctten im Alpens\u00fcdhang z\u00e4hlen wird. Alptransit gibt Studenten aus der ganzen Schweiz die M\u00f6glichkeit, die Gegend kennenzulernen.<br>BARLUME ist der Name des Projekts, welches unter 30 Vorschl\u00e4gen als Gewinner ausgew\u00e4hlt wurde. Es wurde vom Architekturb\u00fcro Atelier PeR von Mendrisio entworfen. Laut Jury haben die zwei jungen Architekten, Oliviero Piffaretti und Carlo Romano, ein einfaches Geb\u00e4ude entwickelt, welches sich mit der Form eines W\u00fcrfels und dank einer eigenen architektonischen Identit\u00e4t bestens der Gegend anpasst. Der Holzbau ist als Symbol des Zusammenseins um den Kamin herum konzipiert. Die Bergen bleiben die Hauptsache, und die H\u00fctte ein Ort der geselligen Begegnung.<br>Die H\u00fctte erinnert an eine Laterne und wird zu einem Merkmal und Anhaltspunkt der Gegend.<br>Die H\u00fctte, einfach und zweckm\u00e4ssig, ist nicht weit entfernt vom ehemaligen Bau errichtet worden. Sie hat keine spezielle Ausrichtung in eine privilegierte Himmelsrichtungen, sondern erstellt eine starke visuelle Beziehung zu allen anderen H\u00fctten auf den umliegenden Gipfeln.<\/p>\n\n\n\n<p><a href=\"http:\/\/www.simonemengani.ch\/nuovo-servizio-fotografico-capanna-monte-bar\/\" target=\"_blank\" rel=\"noreferrer noopener\">Projektbilder: Simone Mengani<\/a><\/p>\n","protected":false},"excerpt":{"rendered":"<p>Eigenschaften Der Bau wurde haupts\u00e4chlich aus L\u00e4rchenholz hergestellt. Es wurden vorgefertigte Elemente zusammengef\u00fcgt. Das Untergeschoss sowie der Kamin wurden hingegen in Ortbeton ausgef\u00fchrt. Dank des kompakten Bauvolumens, gewollt um der H\u00fctte einen intimen Charakter zu geben, kann der Energieverbrauch bis auf das Minimum reduziert werden. Der Speisesaal, indem bis zu 60 Personen Platz finden, ist [&hellip;]<\/p>\n","protected":false},"author":2,"featured_media":0,"parent":0,"menu_order":0,"comment_status":"closed","ping_status":"closed","template":"","meta":{"footnotes":""},"class_list":["post-316","page","type-page","status-publish","hentry"],"_links":{"self":[{"href":"https:\/\/capannamontebar.casticino.ch\/index.php?rest_route=\/wp\/v2\/pages\/316","targetHints":{"allow":["GET"]}}],"collection":[{"href":"https:\/\/capannamontebar.casticino.ch\/index.php?rest_route=\/wp\/v2\/pages"}],"about":[{"href":"https:\/\/capannamontebar.casticino.ch\/index.php?rest_route=\/wp\/v2\/types\/page"}],"author":[{"embeddable":true,"href":"https:\/\/capannamontebar.casticino.ch\/index.php?rest_route=\/wp\/v2\/users\/2"}],"replies":[{"embeddable":true,"href":"https:\/\/capannamontebar.casticino.ch\/index.php?rest_route=%2Fwp%2Fv2%2Fcomments&post=316"}],"version-history":[{"count":10,"href":"https:\/\/capannamontebar.casticino.ch\/index.php?rest_route=\/wp\/v2\/pages\/316\/revisions"}],"predecessor-version":[{"id":467,"href":"https:\/\/capannamontebar.casticino.ch\/index.php?rest_route=\/wp\/v2\/pages\/316\/revisions\/467"}],"wp:attachment":[{"href":"https:\/\/capannamontebar.casticino.ch\/index.php?rest_route=%2Fwp%2Fv2%2Fmedia&parent=316"}],"curies":[{"name":"wp","href":"https:\/\/api.w.org\/{rel}","templated":true}]}}