{"id":318,"date":"2024-11-25T17:03:05","date_gmt":"2024-11-25T17:03:05","guid":{"rendered":"https:\/\/staging.capannamontebar.casticino.ch\/?page_id=318"},"modified":"2025-02-24T18:36:03","modified_gmt":"2025-02-24T18:36:03","slug":"kuche","status":"publish","type":"page","link":"https:\/\/capannamontebar.casticino.ch\/?page_id=318&lang=de","title":{"rendered":"K\u00dcCHE"},"content":{"rendered":"\n<div class=\"wp-block-stackable-spacer stk-block-spacer stk--no-padding stk-block stk-181dc3f\" data-block-id=\"181dc3f\"><\/div>\n\n\n\n<div class=\"wp-block-stackable-heading stk-block-heading stk-block-heading--v2 stk-block stk-1bb65dc\" id=\"nicht-nur-aussichten-sondern-auch-spezialitaten-aus-der-gegend\" data-block-id=\"1bb65dc\"><style>.stk-1bb65dc {margin-bottom:32px !important;}<\/style><h2 class=\"stk-block-heading__text\">Nicht nur Aussichten, sondern auch Spezialit\u00e4ten aus der Gegend<\/h2><\/div>\n\n\n\n<div class=\"wp-block-stackable-columns stk-block-columns stk-block stk-a39b623\" data-block-id=\"a39b623\"><div class=\"stk-row stk-inner-blocks stk-block-content stk-content-align stk-a39b623-column\">\n<div class=\"wp-block-stackable-column stk-block-column stk-column stk-block stk-b33f3b7\" data-v=\"4\" data-block-id=\"b33f3b7\"><div class=\"stk-column-wrapper stk-block-column__content stk-container stk-b33f3b7-container stk--no-background stk--no-padding\"><div class=\"stk-block-content stk-inner-blocks stk-b33f3b7-inner-blocks\">\n<figure class=\"wp-block-image size-large\"><img loading=\"lazy\" decoding=\"async\" width=\"1024\" height=\"683\" src=\"https:\/\/staging.capannamontebar.casticino.ch\/wp-content\/uploads\/2025\/02\/IMG_2948-scaled-1-1024x683.jpg\" alt=\"\" class=\"wp-image-476\" srcset=\"https:\/\/capannamontebar.casticino.ch\/wp-content\/uploads\/2025\/02\/IMG_2948-scaled-1-1024x683.jpg 1024w, https:\/\/capannamontebar.casticino.ch\/wp-content\/uploads\/2025\/02\/IMG_2948-scaled-1-300x200.jpg 300w, https:\/\/capannamontebar.casticino.ch\/wp-content\/uploads\/2025\/02\/IMG_2948-scaled-1-768x512.jpg 768w, https:\/\/capannamontebar.casticino.ch\/wp-content\/uploads\/2025\/02\/IMG_2948-scaled-1-1536x1024.jpg 1536w, https:\/\/capannamontebar.casticino.ch\/wp-content\/uploads\/2025\/02\/IMG_2948-scaled-1-2048x1366.jpg 2048w\" sizes=\"auto, (max-width: 1024px) 100vw, 1024px\" \/><\/figure>\n<\/div><\/div><\/div>\n\n\n\n<div class=\"wp-block-stackable-column stk-block-column stk-column stk-block stk-6f4d291\" data-v=\"4\" data-block-id=\"6f4d291\"><div class=\"stk-column-wrapper stk-block-column__content stk-container stk-6f4d291-container stk--no-background stk--no-padding\"><div class=\"stk-block-content stk-inner-blocks stk-6f4d291-inner-blocks\">\n<p style=\"font-size:15px\">Monte Bar, 28. Mai 2020 \u2013 Wiederer\u00f6ffnung der Monte Bar CAS-H\u00fctte: Serge \u201eSeo\u201c Santese auf der rechten Seite und James Mauri auf der linken Seite mit der H\u00fctte im R\u00fccken. \n\u00a9CdT\/Gabriele Putzu<\/p>\n\n\n\n<p style=\"font-size:15px\"><\/p>\n<\/div><\/div><\/div>\n<\/div><\/div>\n\n\n\n<p>In der H\u00fctte bereiten wir mit Leidenschaft Mahlzeiten mit frischen, regionalen und saisonalen Produkten vor. Gastronomisch richten wir uns nach der tessiner Kultur. Im sch\u00f6nen Aufenthaltsraum, sowie auf der herrlichen Terrasse, servieren wir reiche und variierte Mahlzeiten und wir versuchen immer das Beste aus der Region aufzutischen. Mittagessen wird serviert von 11.30 -15.00 Uhr. Am Nachmittag gibt es immer eine warme Suppe, kalte Teller, oder ein St\u00fcck Kuchen. Das Abendessen wird serviert um 19.00 und am Abend ist eine Reservation erw\u00fcnscht.<\/p>\n\n\n\n<p>Dank Erfahrungen in K\u00fcchen in und ausser dem Kanton, kann unsere K\u00fcche, anl\u00e4sslich spezieller Ereignissen und auf Anfrage, auch recherchierte Anforderungen erf\u00fcllen. Wir sind zwei ge\u00fcbte K\u00f6che die aus Leidenschaft kochen und als Lebensentscheidung eine Bergh\u00fctte gew\u00e4hlt haben.<\/p>\n\n\n\n<div class=\"wp-block-stackable-spacer stk-block-spacer stk--no-padding stk-block stk-822de2a\" data-block-id=\"822de2a\"><\/div>\n\n\n\n<div class=\"wp-block-stackable-heading stk-block-heading stk-block-heading--v2 stk-block stk-9331aec\" id=\"spezialitaten\" data-block-id=\"9331aec\"><h3 class=\"stk-block-heading__text\">Spezialit\u00e4ten<\/h3><\/div>\n\n\n\n<ul class=\"wp-block-list\">\n<li>Hausgemachte Kuchen<\/li>\n\n\n\n<li>Reichhaltige Gem\u00fcsesuppe mit H\u00fclsenfr\u00fcchten<\/li>\n\n\n\n<li>Tessiner Polenta<\/li>\n\n\n\n<li>K\u00e4se der nahegelegenen Almen<\/li>\n\n\n\n<li>Tessiner Wurstwaren<\/li>\n\n\n\n<li>T\u00e4glich saisonale Angebote aus unserer K\u00fcche<\/li>\n\n\n\n<li>Im Sommer wird unser Grill auf der Terrasse oft in Betrieb sein<\/li>\n<\/ul>\n\n\n\n<div class=\"wp-block-stackable-spacer stk-block-spacer stk--no-padding stk-block stk-98f9de1\" data-block-id=\"98f9de1\"><\/div>\n\n\n\n<div class=\"wp-block-stackable-heading stk-block-heading stk-block-heading--v2 stk-block stk-ad53b02\" id=\"saisonale-angebote\" data-block-id=\"ad53b02\"><h3 class=\"stk-block-heading__text\">Saisonale Angebote:<\/h3><\/div>\n\n\n\n<ul class=\"wp-block-list\">\n<li>Gizi von den tessiner T\u00e4lern (Fr\u00fchling)<\/li>\n\n\n\n<li>Grillspezialit\u00e4ten, hausgemachtes Eis (Sommer)<\/li>\n\n\n\n<li>Wild (Herbst)<\/li>\n\n\n\n<li>K\u00e4sefondue (Winter)<\/li>\n<\/ul>\n\n\n\n<figure class=\"wp-block-gallery has-nested-images columns-default is-cropped wp-block-gallery-1 is-layout-flex wp-block-gallery-is-layout-flex\">\n<figure class=\"wp-block-image size-large\"><img loading=\"lazy\" decoding=\"async\" width=\"670\" height=\"546\" data-id=\"239\" src=\"https:\/\/staging.capannamontebar.casticino.ch\/wp-content\/uploads\/2024\/01\/piatto1.jpg\" alt=\"\" class=\"wp-image-239\" srcset=\"https:\/\/capannamontebar.casticino.ch\/wp-content\/uploads\/2024\/01\/piatto1.jpg 670w, https:\/\/capannamontebar.casticino.ch\/wp-content\/uploads\/2024\/01\/piatto1-300x244.jpg 300w\" sizes=\"auto, (max-width: 670px) 100vw, 670px\" \/><\/figure>\n\n\n\n<figure class=\"wp-block-image size-large\"><img loading=\"lazy\" decoding=\"async\" width=\"807\" height=\"567\" data-id=\"241\" src=\"https:\/\/staging.capannamontebar.casticino.ch\/wp-content\/uploads\/2024\/01\/piatto2.jpg\" alt=\"\" class=\"wp-image-241\" srcset=\"https:\/\/capannamontebar.casticino.ch\/wp-content\/uploads\/2024\/01\/piatto2.jpg 807w, https:\/\/capannamontebar.casticino.ch\/wp-content\/uploads\/2024\/01\/piatto2-300x211.jpg 300w, https:\/\/capannamontebar.casticino.ch\/wp-content\/uploads\/2024\/01\/piatto2-768x540.jpg 768w\" sizes=\"auto, (max-width: 807px) 100vw, 807px\" \/><\/figure>\n\n\n\n<figure class=\"wp-block-image size-large\"><img loading=\"lazy\" decoding=\"async\" width=\"1024\" height=\"683\" data-id=\"242\" src=\"https:\/\/staging.capannamontebar.casticino.ch\/wp-content\/uploads\/2024\/01\/piatto4-1024x683.jpg\" alt=\"\" class=\"wp-image-242\" srcset=\"https:\/\/capannamontebar.casticino.ch\/wp-content\/uploads\/2024\/01\/piatto4-1024x683.jpg 1024w, https:\/\/capannamontebar.casticino.ch\/wp-content\/uploads\/2024\/01\/piatto4-300x200.jpg 300w, https:\/\/capannamontebar.casticino.ch\/wp-content\/uploads\/2024\/01\/piatto4-768x512.jpg 768w, https:\/\/capannamontebar.casticino.ch\/wp-content\/uploads\/2024\/01\/piatto4-1536x1024.jpg 1536w, https:\/\/capannamontebar.casticino.ch\/wp-content\/uploads\/2024\/01\/piatto4-2048x1365.jpg 2048w\" sizes=\"auto, (max-width: 1024px) 100vw, 1024px\" \/><\/figure>\n\n\n\n<figure class=\"wp-block-image size-large\"><img loading=\"lazy\" decoding=\"async\" width=\"733\" height=\"482\" data-id=\"240\" src=\"https:\/\/staging.capannamontebar.casticino.ch\/wp-content\/uploads\/2024\/01\/piatto3.jpg\" alt=\"\" class=\"wp-image-240\" srcset=\"https:\/\/capannamontebar.casticino.ch\/wp-content\/uploads\/2024\/01\/piatto3.jpg 733w, https:\/\/capannamontebar.casticino.ch\/wp-content\/uploads\/2024\/01\/piatto3-300x197.jpg 300w\" sizes=\"auto, (max-width: 733px) 100vw, 733px\" \/><\/figure>\n<\/figure>\n","protected":false},"excerpt":{"rendered":"<p>Nicht nur Aussichten, sondern auch Spezialit\u00e4ten aus der Gegend Monte Bar, 28. Mai 2020 \u2013 Wiederer\u00f6ffnung der Monte Bar CAS-H\u00fctte: Serge \u201eSeo\u201c Santese auf der rechten Seite und James Mauri auf der linken Seite mit der H\u00fctte im R\u00fccken. \u00a9CdT\/Gabriele Putzu In der H\u00fctte bereiten wir mit Leidenschaft Mahlzeiten mit frischen, regionalen und saisonalen Produkten [&hellip;]<\/p>\n","protected":false},"author":2,"featured_media":0,"parent":0,"menu_order":0,"comment_status":"closed","ping_status":"closed","template":"","meta":{"footnotes":""},"class_list":["post-318","page","type-page","status-publish","hentry"],"_links":{"self":[{"href":"https:\/\/capannamontebar.casticino.ch\/index.php?rest_route=\/wp\/v2\/pages\/318","targetHints":{"allow":["GET"]}}],"collection":[{"href":"https:\/\/capannamontebar.casticino.ch\/index.php?rest_route=\/wp\/v2\/pages"}],"about":[{"href":"https:\/\/capannamontebar.casticino.ch\/index.php?rest_route=\/wp\/v2\/types\/page"}],"author":[{"embeddable":true,"href":"https:\/\/capannamontebar.casticino.ch\/index.php?rest_route=\/wp\/v2\/users\/2"}],"replies":[{"embeddable":true,"href":"https:\/\/capannamontebar.casticino.ch\/index.php?rest_route=%2Fwp%2Fv2%2Fcomments&post=318"}],"version-history":[{"count":6,"href":"https:\/\/capannamontebar.casticino.ch\/index.php?rest_route=\/wp\/v2\/pages\/318\/revisions"}],"predecessor-version":[{"id":479,"href":"https:\/\/capannamontebar.casticino.ch\/index.php?rest_route=\/wp\/v2\/pages\/318\/revisions\/479"}],"wp:attachment":[{"href":"https:\/\/capannamontebar.casticino.ch\/index.php?rest_route=%2Fwp%2Fv2%2Fmedia&parent=318"}],"curies":[{"name":"wp","href":"https:\/\/api.w.org\/{rel}","templated":true}]}}