{"id":320,"date":"2024-11-25T17:04:30","date_gmt":"2024-11-25T17:04:30","guid":{"rendered":"https:\/\/staging.capannamontebar.casticino.ch\/?page_id=320"},"modified":"2025-02-24T18:38:45","modified_gmt":"2025-02-24T18:38:45","slug":"geschichte","status":"publish","type":"page","link":"https:\/\/capannamontebar.casticino.ch\/?page_id=320&lang=de","title":{"rendered":"GESCHICHTE"},"content":{"rendered":"\n<div class=\"wp-block-stackable-spacer stk-block-spacer stk--no-padding stk-block stk-155f180\" data-block-id=\"155f180\"><\/div>\n\n\n\n<figure class=\"wp-block-image size-large\"><img loading=\"lazy\" decoding=\"async\" width=\"1024\" height=\"517\" src=\"https:\/\/staging.capannamontebar.casticino.ch\/wp-content\/uploads\/2025\/02\/Storia-1024x517.jpg\" alt=\"\" class=\"wp-image-481\" srcset=\"https:\/\/capannamontebar.casticino.ch\/wp-content\/uploads\/2025\/02\/Storia-1024x517.jpg 1024w, https:\/\/capannamontebar.casticino.ch\/wp-content\/uploads\/2025\/02\/Storia-300x151.jpg 300w, https:\/\/capannamontebar.casticino.ch\/wp-content\/uploads\/2025\/02\/Storia-768x388.jpg 768w, https:\/\/capannamontebar.casticino.ch\/wp-content\/uploads\/2025\/02\/Storia-1536x775.jpg 1536w, https:\/\/capannamontebar.casticino.ch\/wp-content\/uploads\/2025\/02\/Storia-2048x1034.jpg 2048w\" sizes=\"auto, (max-width: 1024px) 100vw, 1024px\" \/><\/figure>\n\n\n\n<div class=\"wp-block-stackable-spacer stk-block-spacer stk--no-padding stk-block stk-d9cda97\" data-block-id=\"d9cda97\"><\/div>\n\n\n\n<p>Nach der Erfahrung auf den Monti die Condra schaffte es der SAC im 1935, sich die Sennerei der Alpe Musgatina als Winterunterkunft zur Verf\u00fcgung stellen zu lassen, um dort die erste Skischule des Kantons Tessin zu organisieren. Tita Calvi und Aldo Balmelli waren die ersten Skilehrer. Aufgrund der positiven Erfahrung wurde bereits im nachfolgenden Jahr, im 1936, eine H\u00fctte auf dem Monte Bar errichtet, deren Bau den zahlreichen Bewohnern des Tals, die sonst zeitweise auswandern mussten, eine willkommene Erwerbst\u00e4tigkeit bot.<\/p>\n\n\n\n<p>Die Bergh\u00fctte, die zum f\u00fcnfzigj\u00e4hrigen Jubil\u00e4umder Sektion Ticino des SAC wurde, war ein beliebtes Ziel f\u00fcr zahlreiche Skifahrer. An Sonntagen konnte man bis \u00fcber 300 Personen auf der Piste z\u00e4hlen! Die Administration des Winterbetriebs wurde dem Sci Club Lugano anvertraut.<\/p>\n\n\n\n<p>Ein grosser Erfolg verzeichnete zudem der Riesenslalom des Monte Bar. Ausserdem wurde die H\u00fctte auch ein bequemer Startpunkt f\u00fcr die Begehung der umliegenden Berge im Sommer.<\/p>\n\n\n\n<p>80 Jahre sp\u00e4ter, entstand die gegenw\u00e4rtige H\u00fctte. Die Pl\u00e4ne stammen aus dem Projekt \u201eBarlume\u201c, mit dem die Architekten Piffaretti und Romano einen vom SAC im 2014 ausgeschriebenen Wettbewerb gewannen.<\/p>\n\n\n\n<p>Ihre ausserordentlich panoramische Lage auf 1600 Meter \u00fcber Meer inmitten der nach S\u00fcden gerichteten Weiden, von der sich Lugano und seine Umgebung, die Voralpen, die Apenninen mit dem Monvisodreieck, den Monte Rosa und die Gipfel der Tessiner Alpen bestaunen lassen, kann zweifellos als sch\u00f6nste Aussichtsterrasse betrachtet werden. Von der das ganze Jahr zug\u00e4nglichen H\u00fctte lassen sich zudem grossartige und unvergessliche Sonnenunterg\u00e4nge mit pr\u00e4chtigen feurigen Himmelf\u00e4rbungen bewundern.<\/p>\n","protected":false},"excerpt":{"rendered":"<p>Nach der Erfahrung auf den Monti die Condra schaffte es der SAC im 1935, sich die Sennerei der Alpe Musgatina als Winterunterkunft zur Verf\u00fcgung stellen zu lassen, um dort die erste Skischule des Kantons Tessin zu organisieren. Tita Calvi und Aldo Balmelli waren die ersten Skilehrer. Aufgrund der positiven Erfahrung wurde bereits im nachfolgenden Jahr, [&hellip;]<\/p>\n","protected":false},"author":2,"featured_media":0,"parent":0,"menu_order":0,"comment_status":"closed","ping_status":"closed","template":"","meta":{"footnotes":""},"class_list":["post-320","page","type-page","status-publish","hentry"],"_links":{"self":[{"href":"https:\/\/capannamontebar.casticino.ch\/index.php?rest_route=\/wp\/v2\/pages\/320","targetHints":{"allow":["GET"]}}],"collection":[{"href":"https:\/\/capannamontebar.casticino.ch\/index.php?rest_route=\/wp\/v2\/pages"}],"about":[{"href":"https:\/\/capannamontebar.casticino.ch\/index.php?rest_route=\/wp\/v2\/types\/page"}],"author":[{"embeddable":true,"href":"https:\/\/capannamontebar.casticino.ch\/index.php?rest_route=\/wp\/v2\/users\/2"}],"replies":[{"embeddable":true,"href":"https:\/\/capannamontebar.casticino.ch\/index.php?rest_route=%2Fwp%2Fv2%2Fcomments&post=320"}],"version-history":[{"count":3,"href":"https:\/\/capannamontebar.casticino.ch\/index.php?rest_route=\/wp\/v2\/pages\/320\/revisions"}],"predecessor-version":[{"id":483,"href":"https:\/\/capannamontebar.casticino.ch\/index.php?rest_route=\/wp\/v2\/pages\/320\/revisions\/483"}],"wp:attachment":[{"href":"https:\/\/capannamontebar.casticino.ch\/index.php?rest_route=%2Fwp%2Fv2%2Fmedia&parent=320"}],"curies":[{"name":"wp","href":"https:\/\/api.w.org\/{rel}","templated":true}]}}