{"id":324,"date":"2024-11-25T17:13:34","date_gmt":"2024-11-25T17:13:34","guid":{"rendered":"https:\/\/staging.capannamontebar.casticino.ch\/?page_id=324"},"modified":"2025-05-13T19:56:49","modified_gmt":"2025-05-13T19:56:49","slug":"aktivitaten","status":"publish","type":"page","link":"https:\/\/capannamontebar.casticino.ch\/?page_id=324&lang=de","title":{"rendered":"AKTIVIT\u00c4TEN"},"content":{"rendered":"\n<div class=\"wp-block-stackable-spacer stk-block-spacer stk--no-padding stk-block stk-a7ffdba\" data-block-id=\"a7ffdba\"><\/div>\n\n\n\n<div class=\"wp-block-stackable-columns stk-block-columns stk-block stk-d1923f6\" data-block-id=\"d1923f6\"><style>.stk-d1923f6 {margin-bottom:70px !important;}<\/style><div class=\"stk-row stk-inner-blocks stk-block-content stk-content-align stk-d1923f6-column\">\n<div class=\"wp-block-stackable-column stk-block-column stk-column stk-block stk-0cdb7a1\" data-v=\"4\" data-block-id=\"0cdb7a1\"><style>.stk-0cdb7a1 {align-self:center !important;}@media screen and (min-width: 768px){.stk-0cdb7a1 {flex:var(--stk-flex-grow, 1) 1 calc(38% - var(--stk-column-gap, 0px) * 1 \/ 2 ) !important;}}<\/style><div class=\"stk-column-wrapper stk-block-column__content stk-container stk-0cdb7a1-container stk--no-background stk--no-padding\"><div class=\"has-text-align-center stk-block-content stk-inner-blocks stk-0cdb7a1-inner-blocks\">\n<div class=\"wp-block-stackable-image aligncenter stk-block-image stk-block stk-c86d889\" data-block-id=\"c86d889\"><figure><span class=\"stk-img-wrapper stk-image--shape-stretch\"><img loading=\"lazy\" decoding=\"async\" class=\"stk-img wp-image-351\" src=\"https:\/\/staging.capannamontebar.casticino.ch\/wp-content\/uploads\/2024\/11\/mtb-con-vista.jpg\" width=\"1748\" height=\"1167\" srcset=\"https:\/\/capannamontebar.casticino.ch\/wp-content\/uploads\/2024\/11\/mtb-con-vista.jpg 1748w, https:\/\/capannamontebar.casticino.ch\/wp-content\/uploads\/2024\/11\/mtb-con-vista-300x200.jpg 300w, https:\/\/capannamontebar.casticino.ch\/wp-content\/uploads\/2024\/11\/mtb-con-vista-1024x684.jpg 1024w, https:\/\/capannamontebar.casticino.ch\/wp-content\/uploads\/2024\/11\/mtb-con-vista-768x513.jpg 768w, https:\/\/capannamontebar.casticino.ch\/wp-content\/uploads\/2024\/11\/mtb-con-vista-1536x1025.jpg 1536w\" sizes=\"auto, (max-width: 1748px) 100vw, 1748px\" \/><\/span><\/figure><\/div>\n<\/div><\/div><\/div>\n\n\n\n<div class=\"wp-block-stackable-column stk-block-column stk-column stk-block stk-e93b48b\" data-v=\"4\" data-block-id=\"e93b48b\"><style>@media screen and (min-width: 768px){.stk-e93b48b {flex:var(--stk-flex-grow, 1) 1 calc(62% - var(--stk-column-gap, 0px) * 1 \/ 2 ) !important;}}<\/style><div class=\"stk-column-wrapper stk-block-column__content stk-container stk-e93b48b-container stk--no-background stk--no-padding\"><div class=\"stk-block-content stk-inner-blocks stk-e93b48b-inner-blocks\">\n<h3 class=\"wp-block-heading has-text-align-left\">Mountainbike mit Fernsicht!<\/h3>\n\n\n\n<p>Die Region bietet sehr viele M\u00f6glichkeiten f\u00fcr Mountainbike Liebhaber: asphaltiert Strassen, Schotterabschnitte und Singletrails wechseln sich ab und schenken den Bikern fast ganzj\u00e4hrlich befahrbare, wundersch\u00f6ne Panoramarouten. Die Beschreibung der verschiedenen Routen, insbesondere der nationalen Routen 66, 358 und 359, findet man unter folgendem Link:\u00a0<a href=\"https:\/\/www.luganoregion.com\/de\/cosa-fare\/sport-e-natura\/bicicletta\" target=\"_blank\" rel=\"noreferrer noopener\">Lugano-Turismo<\/a>\u00a0Weitere M\u00f6glichkeiten von der H\u00fctte aus, sind die Route \u00fcber den Passo San Lucio bis ins Valle Cavargna, oder n\u00f6rtlich in Richtung das Valle Serdena und Rivera.<\/p>\n<\/div><\/div><\/div>\n<\/div><\/div>\n\n\n\n<div class=\"wp-block-stackable-columns stk-block-columns stk-block stk-cc6e6e6\" data-block-id=\"cc6e6e6\"><div class=\"stk-row stk-inner-blocks stk-block-content stk-content-align stk-cc6e6e6-column\">\n<div class=\"wp-block-stackable-column stk-block-column stk-column stk-block stk-3a6c576\" data-v=\"4\" data-block-id=\"3a6c576\"><style>@media screen and (min-width: 768px){.stk-3a6c576 {flex:var(--stk-flex-grow, 1) 1 calc(59.7% - var(--stk-column-gap, 0px) * 1 \/ 2 ) !important;}}<\/style><div class=\"stk-column-wrapper stk-block-column__content stk-container stk-3a6c576-container stk--no-background stk--no-padding\"><div class=\"stk-block-content stk-inner-blocks stk-3a6c576-inner-blocks\">\n<h3 class=\"wp-block-heading\">Wanderungen f\u00fcr jedes Alter und Geschmack<\/h3>\n\n\n\n<p>Die Bergkette, die in Gola di Lago beginnt und auf dem Gipfel des Gazzirolas (2115 M.\u00fc.M) endet, ist reich an leichten Wanderwegen. Die H\u00fctte befindet sich auf dem Wanderweg Lugano Trekking, sowie auf dem Nationalweg Nr. 52 und kann deshalb als Etappe, aber auch als Zielpunkt betrachtet werden. Direkt von der H\u00fctte aus kann man den Gipfel des Gazzirolas und somit das Valle Morobbia erreichen. Die Region bietet jedoch auch zahlreiche weitere Wanderwege, die fabelhafte Aussichten sowie interessante historische und naturwissenschaftliche Anregungen bieten.<br>Der Fr\u00fchling und der Herbst sind die besten Jahreszeiten, um Wanderungen in dieser bezaubernden Gegend zu unternehmen.<br>Wir schlagen hier 7 thematische Wanderungen vor, die den Bergliebhaber anregen, wenig bekannte Ecken aufzusp\u00fcren und \u00fcberraschende Entdeckungen und Begegnungen zu machen.<\/p>\n<\/div><\/div><\/div>\n\n\n\n<div class=\"wp-block-stackable-column stk-block-column stk-column stk-block stk-27f0bf4\" data-v=\"4\" data-block-id=\"27f0bf4\"><style>.stk-27f0bf4 {align-self:center !important;}@media screen and (min-width: 768px){.stk-27f0bf4 {flex:var(--stk-flex-grow, 1) 1 calc(40.3% - var(--stk-column-gap, 0px) * 1 \/ 2 ) !important;}}<\/style><div class=\"stk-column-wrapper stk-block-column__content stk-container stk-27f0bf4-container stk--no-background stk--no-padding\"><div class=\"stk-block-content stk-inner-blocks stk-27f0bf4-inner-blocks\">\n<div class=\"wp-block-stackable-image aligncenter stk-block-image has-text-align-center stk-block stk-4827317\" data-block-id=\"4827317\"><style>.stk-4827317 {align-items:center !important;display:flex !important;}<\/style><figure><span class=\"stk-img-wrapper stk-image--shape-stretch\"><img loading=\"lazy\" decoding=\"async\" class=\"stk-img wp-image-352\" src=\"https:\/\/staging.capannamontebar.casticino.ch\/wp-content\/uploads\/2024\/11\/escursione-tutti-i-gusti.jpg\" width=\"495\" height=\"354\" srcset=\"https:\/\/capannamontebar.casticino.ch\/wp-content\/uploads\/2024\/11\/escursione-tutti-i-gusti.jpg 495w, https:\/\/capannamontebar.casticino.ch\/wp-content\/uploads\/2024\/11\/escursione-tutti-i-gusti-300x215.jpg 300w\" sizes=\"auto, (max-width: 495px) 100vw, 495px\" \/><\/span><\/figure><\/div>\n<\/div><\/div><\/div>\n<\/div><\/div>\n\n\n\n<p><strong><a href=\"https:\/\/staging.capannamontebar.casticino.ch\/?page_id=327&amp;lang=de\" target=\"_blank\" rel=\"noreferrer noopener\">THEMATISCHE WANDERWEGE<\/a><\/strong><\/p>\n","protected":false},"excerpt":{"rendered":"<p>Mountainbike mit Fernsicht! Die Region bietet sehr viele M\u00f6glichkeiten f\u00fcr Mountainbike Liebhaber: asphaltiert Strassen, Schotterabschnitte und Singletrails wechseln sich ab und schenken den Bikern fast ganzj\u00e4hrlich befahrbare, wundersch\u00f6ne Panoramarouten. Die Beschreibung der verschiedenen Routen, insbesondere der nationalen Routen 66, 358 und 359, findet man unter folgendem Link:\u00a0Lugano-Turismo\u00a0Weitere M\u00f6glichkeiten von der H\u00fctte aus, sind die Route [&hellip;]<\/p>\n","protected":false},"author":2,"featured_media":0,"parent":0,"menu_order":0,"comment_status":"closed","ping_status":"closed","template":"","meta":{"footnotes":""},"class_list":["post-324","page","type-page","status-publish","hentry"],"_links":{"self":[{"href":"https:\/\/capannamontebar.casticino.ch\/index.php?rest_route=\/wp\/v2\/pages\/324","targetHints":{"allow":["GET"]}}],"collection":[{"href":"https:\/\/capannamontebar.casticino.ch\/index.php?rest_route=\/wp\/v2\/pages"}],"about":[{"href":"https:\/\/capannamontebar.casticino.ch\/index.php?rest_route=\/wp\/v2\/types\/page"}],"author":[{"embeddable":true,"href":"https:\/\/capannamontebar.casticino.ch\/index.php?rest_route=\/wp\/v2\/users\/2"}],"replies":[{"embeddable":true,"href":"https:\/\/capannamontebar.casticino.ch\/index.php?rest_route=%2Fwp%2Fv2%2Fcomments&post=324"}],"version-history":[{"count":4,"href":"https:\/\/capannamontebar.casticino.ch\/index.php?rest_route=\/wp\/v2\/pages\/324\/revisions"}],"predecessor-version":[{"id":681,"href":"https:\/\/capannamontebar.casticino.ch\/index.php?rest_route=\/wp\/v2\/pages\/324\/revisions\/681"}],"wp:attachment":[{"href":"https:\/\/capannamontebar.casticino.ch\/index.php?rest_route=%2Fwp%2Fv2%2Fmedia&parent=324"}],"curies":[{"name":"wp","href":"https:\/\/api.w.org\/{rel}","templated":true}]}}