{"id":327,"date":"2024-11-25T17:28:51","date_gmt":"2024-11-25T17:28:51","guid":{"rendered":"https:\/\/staging.capannamontebar.casticino.ch\/?page_id=327"},"modified":"2025-05-13T20:01:35","modified_gmt":"2025-05-13T20:01:35","slug":"touren","status":"publish","type":"page","link":"https:\/\/capannamontebar.casticino.ch\/?page_id=327&lang=de","title":{"rendered":"TOUREN"},"content":{"rendered":"\n<div class=\"wp-block-stackable-spacer stk-block-spacer stk--no-padding stk-block stk-7ee03e4\" data-block-id=\"7ee03e4\"><\/div>\n\n\n\n<div class=\"wp-block-stackable-heading stk-block-heading stk-block-heading--v2 stk-block stk-a3d8961\" id=\"tourenvorschlage\" data-block-id=\"a3d8961\"><h2 class=\"stk-block-heading__text\">Tourenvorschl\u00e4ge<\/h2><\/div>\n\n\n\n<div class=\"wp-block-stackable-feature-grid alignwide stk-block-feature-grid stk-block-columns stk-block stk-f858a32 is-style-default\" data-block-id=\"f858a32\"><div class=\"stk-row stk-inner-blocks has-text-align-center stk-block-content stk-content-align stk-f858a32-column alignwide\">\n<div class=\"wp-block-stackable-column stk-block-column stk-column stk-block stk-734307f\" data-v=\"4\" data-block-id=\"734307f\"><div class=\"stk-column-wrapper stk-block-column__content stk-container stk-734307f-container stk-hover-parent\"><div class=\"stk-block-content stk-inner-blocks stk-734307f-inner-blocks\">\n<div class=\"wp-block-stackable-image stk-block-image stk-block stk-c26caf9\" data-block-id=\"c26caf9\"><figure><span class=\"stk-img-wrapper stk-image--shape-stretch\"><img loading=\"lazy\" decoding=\"async\" class=\"stk-img wp-image-652\" src=\"https:\/\/staging.capannamontebar.casticino.ch\/wp-content\/uploads\/2025\/05\/portatrici-sci-e1747042499264.jpg\" width=\"344\" height=\"336\" srcset=\"https:\/\/capannamontebar.casticino.ch\/wp-content\/uploads\/2025\/05\/portatrici-sci-e1747042499264.jpg 344w, https:\/\/capannamontebar.casticino.ch\/wp-content\/uploads\/2025\/05\/portatrici-sci-e1747042499264-300x293.jpg 300w\" sizes=\"auto, (max-width: 344px) 100vw, 344px\" \/><\/span><\/figure><\/div>\n\n\n\n<div class=\"wp-block-stackable-heading stk-block-heading stk-block-heading--v2 stk-block stk-b3c4045\" id=\"strong-strong-strong-strong-strong-der-weg-der-skitragerinnen-strong-strong-strong-strong-strong\" data-block-id=\"b3c4045\"><h3 class=\"stk-block-heading__text\"><strong><strong><strong><strong><strong>Der Weg der Skitr\u00e4gerinnen<\/strong><\/strong><\/strong><\/strong><\/strong><\/h3><\/div>\n\n\n\n<div class=\"wp-block-stackable-text stk-block-text stk-block stk-ac24808\" data-block-id=\"ac24808\"><style>.stk-ac24808 {margin-bottom:10px !important;}<\/style><p class=\"stk-block-text__text\">Diese Wanderung l\u00e4sst die Erinnerung an die \u201eSherpa Frauen\u201c, die vom Kirchhof der Kirche San Barnaba die Skier der wohlhabenden Luganer, die mit dem Postauto in Bidogno ankamen, zur Bergh\u00fctte trugen.<\/p><\/div>\n\n\n\n<p><a href=\"https:\/\/map.schweizmobil.ch\/?lang=de&amp;bgLayer=pk&amp;season=summer&amp;resolution=5&amp;E=2721402&amp;N=1105567&amp;trackId=4074166\" target=\"_blank\" rel=\"noreferrer noopener\">Plan den Wanderwege<\/a><\/p>\n\n\n\n<figure class=\"wp-block-table\"><table class=\"has-fixed-layout\"><tbody><tr><td><strong>L\u00e4nge:<\/strong><\/td><td>4 Km<\/td><\/tr><tr><td><strong><strong><strong>H\u00f6hen<\/strong><\/strong>:<\/strong><\/td><td>+800 m<\/td><\/tr><tr><td><strong>Zeit:<\/strong><\/td><td>2h<\/td><\/tr><tr><td><strong>Schwierigkeit:<\/strong><\/td><td>T2 (leicht)<\/td><\/tr><\/tbody><\/table><\/figure>\n\n\n\n<div class=\"wp-block-stackable-button-group stk-block-button-group stk-block stk-c400184\" data-block-id=\"c400184\"><div class=\"stk-row stk-inner-blocks stk-block-content stk-button-group\">\n<div class=\"wp-block-stackable-button stk-block-button stk-block stk-e47e864\" data-block-id=\"e47e864\"><style>.stk-e47e864 .stk-button{background:#477081 !important;}<\/style><a class=\"stk-link stk-button stk--hover-effect-darken\" href=\"https:\/\/capannamontebar.casticino.ch\/wp-content\/uploads\/2025\/03\/Skitragerin-DE.pdf\" target=\"_blank\" rel=\"noreferrer noopener\"><span class=\"stk-button__inner-text\">DETAILS<\/span><\/a><\/div>\n<\/div><\/div>\n<\/div><\/div><\/div>\n\n\n\n<div class=\"wp-block-stackable-column stk-block-column stk-column stk-block stk-8251c2d\" data-v=\"4\" data-block-id=\"8251c2d\"><div class=\"stk-column-wrapper stk-block-column__content stk-container stk-8251c2d-container stk-hover-parent\"><div class=\"stk-block-content stk-inner-blocks stk-8251c2d-inner-blocks\">\n<div class=\"wp-block-stackable-image stk-block-image stk-block stk-8b339b9\" data-block-id=\"8b339b9\"><figure><span class=\"stk-img-wrapper stk-image--shape-stretch\"><img loading=\"lazy\" decoding=\"async\" class=\"stk-img wp-image-659\" src=\"https:\/\/staging.capannamontebar.casticino.ch\/wp-content\/uploads\/2025\/05\/Alpe-pietrarossa.jpg\" width=\"667\" height=\"500\" srcset=\"https:\/\/capannamontebar.casticino.ch\/wp-content\/uploads\/2025\/05\/Alpe-pietrarossa.jpg 667w, https:\/\/capannamontebar.casticino.ch\/wp-content\/uploads\/2025\/05\/Alpe-pietrarossa-300x225.jpg 300w\" sizes=\"auto, (max-width: 667px) 100vw, 667px\" \/><\/span><\/figure><\/div>\n\n\n\n<div class=\"wp-block-stackable-heading stk-block-heading stk-block-heading--v2 stk-block stk-32393f2\" id=\"strong-strong-strong-strong-strong-der-weg-der-barchi-strong-strong-strong-strong-strong\" data-block-id=\"32393f2\"><h3 class=\"stk-block-heading__text\"><strong><strong><strong><strong><strong>Der Weg der Barchi<\/strong><\/strong><\/strong><\/strong><\/strong><\/h3><\/div>\n\n\n\n<div class=\"wp-block-stackable-text stk-block-text stk-block stk-832a6e6\" data-block-id=\"832a6e6\"><style>.stk-832a6e6 {margin-bottom:10px !important;}<\/style><p class=\"stk-block-text__text\">Diese Wanderwege steigen von der Terrasse des Dorfes Corticiasca zur Terrasse der Barchi, wo man die f\u00fcr das Val Colla typischen landwirtschaftlichen Geb\u00e4ude beobachten kann. In diesen Geb\u00e4uden, die teilweise renoviert wurden, brachte man&nbsp;fr\u00fcher im Fr\u00fchling und im Herbst das Vieh unter. Sie haben dem Berg den Namen gegeben.<\/p><\/div>\n\n\n\n<p><a href=\"https:\/\/map.schweizmobil.ch\/?lang=de&amp;bgLayer=pk&amp;season=summer&amp;resolution=2&amp;E=2721927&amp;N=1105895&amp;trackId=4073878\" target=\"_blank\" rel=\"noreferrer noopener\">Plan den Wanderwege<\/a><\/p>\n\n\n\n<figure class=\"wp-block-table\"><table class=\"has-fixed-layout\"><tbody><tr><td><strong><strong>L\u00e4nge<\/strong>:<\/strong><\/td><td>4 Km<\/td><\/tr><tr><td><strong><strong><strong><strong>H\u00f6hen<\/strong><\/strong><\/strong>:<\/strong><\/td><td>+600 m<\/td><\/tr><tr><td><strong><strong>Zeit<\/strong>:<\/strong><\/td><td>2h<\/td><\/tr><tr><td><strong><strong>Schwierigkeit<\/strong>:<\/strong><\/td><td>T2 (leicht)<\/td><\/tr><\/tbody><\/table><\/figure>\n\n\n\n<div class=\"wp-block-stackable-button-group stk-block-button-group stk-block stk-7a13deb\" data-block-id=\"7a13deb\"><div class=\"stk-row stk-inner-blocks stk-block-content stk-button-group\">\n<div class=\"wp-block-stackable-button stk-block-button stk-block stk-0c4b80b\" data-block-id=\"0c4b80b\"><style>.stk-0c4b80b .stk-button{background:#477081 !important;}<\/style><a class=\"stk-link stk-button stk--hover-effect-darken\" href=\"https:\/\/capannamontebar.casticino.ch\/wp-content\/uploads\/2025\/03\/Barchi-Weg.pdf\" target=\"_blank\" rel=\"noreferrer noopener\"><span class=\"stk-button__inner-text\">DETAILS<\/span><\/a><\/div>\n<\/div><\/div>\n<\/div><\/div><\/div>\n\n\n\n<div class=\"wp-block-stackable-column stk-block-column stk-column stk-block stk-51b83fe\" data-v=\"4\" data-block-id=\"51b83fe\"><div class=\"stk-column-wrapper stk-block-column__content stk-container stk-51b83fe-container stk-hover-parent\"><div class=\"stk-block-content stk-inner-blocks stk-51b83fe-inner-blocks\">\n<div class=\"wp-block-stackable-image stk-block-image stk-block stk-8e02aea\" data-block-id=\"8e02aea\"><figure><span class=\"stk-img-wrapper stk-image--shape-stretch\"><img loading=\"lazy\" decoding=\"async\" class=\"stk-img wp-image-343\" src=\"https:\/\/staging.capannamontebar.casticino.ch\/wp-content\/uploads\/2024\/11\/Sentiero-Panoramico.jpg\" width=\"150\" height=\"150\"\/><\/span><\/figure><\/div>\n\n\n\n<div class=\"wp-block-stackable-heading stk-block-heading stk-block-heading--v2 stk-block stk-432be68\" id=\"strong-strong-strong-strong-strong-der-panoramaweg-strong-strong-strong-strong-strong\" data-block-id=\"432be68\"><h3 class=\"stk-block-heading__text\"><strong><strong><strong><strong><strong>Der Panoramaweg<\/strong><\/strong><\/strong><\/strong><\/strong><\/h3><\/div>\n\n\n\n<div class=\"wp-block-stackable-text stk-block-text stk-block stk-7469aa0\" data-block-id=\"7469aa0\"><style>.stk-7469aa0 {margin-bottom:11px !important;}<\/style><p class=\"stk-block-text__text\">Vom Dorfkern von Roveredo, wo \u00fcbrigens der Komponist Ernst Bloch wohnte (1930-1939), steigt man zu den Monti del maggengo, eine wunderbare Oase des Frieden und Ruhe.<\/p><\/div>\n\n\n\n<p><a href=\"https:\/\/map.schweizmobil.ch\/?lang=de&amp;bgLayer=pk&amp;season=summer&amp;resolution=5&amp;E=2720510&amp;N=1105400&amp;trackId=4073853\" target=\"_blank\" rel=\"noreferrer noopener\">Plan den Wanderwege<\/a><\/p>\n\n\n\n<figure class=\"wp-block-table\"><table class=\"has-fixed-layout\"><tbody><tr><td><strong><strong>L\u00e4nge<\/strong>:<\/strong><\/td><td>6 Km<\/td><\/tr><tr><td><strong><strong><strong><strong>H\u00f6hen<\/strong><\/strong><\/strong>:<\/strong><\/td><td>+900 m<\/td><\/tr><tr><td><strong><strong>Zeit<\/strong>:<\/strong><\/td><td>3h<\/td><\/tr><tr><td><strong><strong>Schwierigkei<\/strong>t:<\/strong><\/td><td>T2 (leicht)<\/td><\/tr><\/tbody><\/table><\/figure>\n\n\n\n<div class=\"wp-block-stackable-button-group stk-block-button-group stk-block stk-76357a9\" data-block-id=\"76357a9\"><div class=\"stk-row stk-inner-blocks stk-block-content stk-button-group\">\n<div class=\"wp-block-stackable-button stk-block-button stk-block stk-56d4034\" data-block-id=\"56d4034\"><style>.stk-56d4034 .stk-button{background:#477081 !important;}<\/style><a class=\"stk-link stk-button stk--hover-effect-darken\" href=\"https:\/\/capannamontebar.casticino.ch\/wp-content\/uploads\/2025\/03\/PanoramaWeg.pdf\" target=\"_blank\" rel=\"noreferrer noopener\"><span class=\"stk-button__inner-text\">DETAILS<\/span><\/a><\/div>\n<\/div><\/div>\n<\/div><\/div><\/div>\n<\/div><\/div>\n\n\n\n<div class=\"wp-block-stackable-feature-grid alignwide stk-block-feature-grid stk-block-columns stk-block stk-933b3fd is-style-default\" data-block-id=\"933b3fd\"><div class=\"stk-row stk-inner-blocks has-text-align-center stk-block-content stk-content-align stk-933b3fd-column alignwide\">\n<div class=\"wp-block-stackable-column stk-block-column stk-column stk-block stk-d5b3307\" data-v=\"4\" data-block-id=\"d5b3307\"><div class=\"stk-column-wrapper stk-block-column__content stk-container stk-d5b3307-container stk-hover-parent\"><div class=\"stk-block-content stk-inner-blocks stk-d5b3307-inner-blocks\">\n<div class=\"wp-block-stackable-image stk-block-image stk-block stk-56f2102\" data-block-id=\"56f2102\"><figure><span class=\"stk-img-wrapper stk-image--shape-stretch\"><img loading=\"lazy\" decoding=\"async\" class=\"stk-img wp-image-661\" src=\"https:\/\/staging.capannamontebar.casticino.ch\/wp-content\/uploads\/2025\/05\/17309513_10211158409069998_4639693892741784804_n-1.jpg\" width=\"960\" height=\"640\" srcset=\"https:\/\/capannamontebar.casticino.ch\/wp-content\/uploads\/2025\/05\/17309513_10211158409069998_4639693892741784804_n-1.jpg 960w, https:\/\/capannamontebar.casticino.ch\/wp-content\/uploads\/2025\/05\/17309513_10211158409069998_4639693892741784804_n-1-300x200.jpg 300w, https:\/\/capannamontebar.casticino.ch\/wp-content\/uploads\/2025\/05\/17309513_10211158409069998_4639693892741784804_n-1-768x512.jpg 768w\" sizes=\"auto, (max-width: 960px) 100vw, 960px\" \/><\/span><\/figure><\/div>\n\n\n\n<div class=\"wp-block-stackable-heading stk-block-heading stk-block-heading--v2 stk-block stk-47fc93c\" id=\"strong-strong-strong-strong-der-gletscherweg-strong-strong-strong-strong\" data-block-id=\"47fc93c\"><style>.stk-47fc93c {margin-bottom:10px !important;}<\/style><h3 class=\"stk-block-heading__text\"><strong><strong><strong><strong>Der Gletscherweg<\/strong><\/strong><\/strong><\/strong><\/h3><\/div>\n\n\n\n<div class=\"wp-block-stackable-text stk-block-text stk-block stk-f57a638\" data-block-id=\"f57a638\"><style>.stk-f57a638 {margin-bottom:10px !important;}<\/style><p class=\"stk-block-text__text\">In Gola di Lago zeugen das Torfmoor, die Teiche, die fleischfressenden Pflanzen und die abgerundeten Felsen vom Durchgang einer Gletscherzunge des Ticino w\u00e4hrend der letzten Eiszeit.<\/p><\/div>\n\n\n\n<p><a href=\"https:\/\/map.schweizmobil.ch\/?lang=de&amp;bgLayer=pk&amp;season=summer&amp;resolution=5&amp;E=2719894&amp;N=1106340&amp;trackId=4074157\" target=\"_blank\" rel=\"noreferrer noopener\">Plan den Wanderwege<\/a><\/p>\n\n\n\n<figure class=\"wp-block-table\"><table class=\"has-fixed-layout\"><tbody><tr><td><strong><strong>L\u00e4nge<\/strong>:<\/strong><\/td><td>7 Km<\/td><\/tr><tr><td><strong><strong>H\u00f6hen<\/strong>:<\/strong><\/td><td>+700 m<\/td><\/tr><tr><td><strong><strong>Zeit<\/strong>:<\/strong><\/td><td>3h<\/td><\/tr><tr><td><strong><strong>Schwierigkei<\/strong>t:<\/strong><\/td><td>T2 (leicht)<\/td><\/tr><\/tbody><\/table><\/figure>\n\n\n\n<div class=\"wp-block-stackable-button-group stk-block-button-group stk-block stk-4d9bc24\" data-block-id=\"4d9bc24\"><div class=\"stk-row stk-inner-blocks stk-block-content stk-button-group\">\n<div class=\"wp-block-stackable-button stk-block-button stk-block stk-d91b59f\" data-block-id=\"d91b59f\"><style>.stk-d91b59f .stk-button{background:#477081 !important;}<\/style><a class=\"stk-link stk-button stk--hover-effect-darken\" href=\"https:\/\/capannamontebar.casticino.ch\/wp-content\/uploads\/2025\/03\/Gletscherweg.pdf\" target=\"_blank\" rel=\"noreferrer noopener\"><span class=\"stk-button__inner-text\">DETAILS<\/span><\/a><\/div>\n<\/div><\/div>\n<\/div><\/div><\/div>\n\n\n\n<div class=\"wp-block-stackable-column stk-block-column stk-column stk-block stk-5aa64dd\" data-v=\"4\" data-block-id=\"5aa64dd\"><div class=\"stk-column-wrapper stk-block-column__content stk-container stk-5aa64dd-container stk-hover-parent\"><div class=\"stk-block-content stk-inner-blocks stk-5aa64dd-inner-blocks\">\n<div class=\"wp-block-stackable-image stk-block-image stk-block stk-23a0780\" data-block-id=\"23a0780\"><figure><span class=\"stk-img-wrapper stk-image--shape-stretch\"><img loading=\"lazy\" decoding=\"async\" class=\"stk-img wp-image-660\" src=\"https:\/\/staging.capannamontebar.casticino.ch\/wp-content\/uploads\/2025\/05\/2460571.jpg\" width=\"800\" height=\"600\" srcset=\"https:\/\/capannamontebar.casticino.ch\/wp-content\/uploads\/2025\/05\/2460571.jpg 800w, https:\/\/capannamontebar.casticino.ch\/wp-content\/uploads\/2025\/05\/2460571-300x225.jpg 300w, https:\/\/capannamontebar.casticino.ch\/wp-content\/uploads\/2025\/05\/2460571-768x576.jpg 768w\" sizes=\"auto, (max-width: 800px) 100vw, 800px\" \/><\/span><\/figure><\/div>\n\n\n\n<div class=\"wp-block-stackable-heading stk-block-heading stk-block-heading--v2 stk-block stk-6af2549\" id=\"strong-strong-strong-der-vegetationsweg-strong-strong-strong\" data-block-id=\"6af2549\"><style>.stk-6af2549 {margin-bottom:10px !important;}<\/style><h3 class=\"stk-block-heading__text\"><strong><strong><strong>Der Vegetationsweg<\/strong><\/strong><\/strong><\/h3><\/div>\n\n\n\n<div class=\"wp-block-stackable-text stk-block-text stk-block stk-0462b03\" data-block-id=\"0462b03\"><style>.stk-0462b03 {margin-bottom:10px !important;}<\/style><p class=\"stk-block-text__text\">Dieser Weg durchquert alle Vegetationszonen, von der milden mediterranen der Kastanien bis zur arktischen alpinen auf dem Bergkamm der Cima di Moncucco.<\/p><\/div>\n\n\n\n<p><a href=\"https:\/\/map.schweizmobil.ch\/?lang=en&amp;bgLayer=pk&amp;season=summer&amp;resolution=5&amp;E=2722942&amp;N=1106858&amp;trackId=4074169\" target=\"_blank\" rel=\"noreferrer noopener\">Plan den Wanderwege<\/a><\/p>\n\n\n\n<figure class=\"wp-block-table\"><table class=\"has-fixed-layout\"><tbody><tr><td><strong><strong>L\u00e4nge<\/strong>:<\/strong><\/td><td>7 Km<\/td><\/tr><tr><td><strong><strong><strong><strong>H\u00f6hen<\/strong><\/strong><\/strong>:<\/strong><\/td><td>+800 m<\/td><\/tr><tr><td><strong><strong>Zeit<\/strong>:<\/strong><\/td><td>4h<\/td><\/tr><tr><td><strong><strong>Schwierigke<\/strong>it:<\/strong><\/td><td>T2 (leicht)<\/td><\/tr><\/tbody><\/table><\/figure>\n\n\n\n<div class=\"wp-block-stackable-button-group stk-block-button-group stk-block stk-adc513d\" data-block-id=\"adc513d\"><div class=\"stk-row stk-inner-blocks stk-block-content stk-button-group\">\n<div class=\"wp-block-stackable-button stk-block-button stk-block stk-54029d4\" data-block-id=\"54029d4\"><style>.stk-54029d4 .stk-button{background:#477081 !important;}<\/style><a class=\"stk-link stk-button stk--hover-effect-darken\" href=\"https:\/\/capannamontebar.casticino.ch\/wp-content\/uploads\/2025\/03\/Vegetationweg.pdf\" target=\"_blank\" rel=\"noreferrer noopener\"><span class=\"stk-button__inner-text\">DETAILS<\/span><\/a><\/div>\n<\/div><\/div>\n<\/div><\/div><\/div>\n\n\n\n<div class=\"wp-block-stackable-column stk-block-column stk-column stk-block stk-27070a9\" data-v=\"4\" data-block-id=\"27070a9\"><div class=\"stk-column-wrapper stk-block-column__content stk-container stk-27070a9-container stk-hover-parent\"><div class=\"stk-block-content stk-inner-blocks stk-27070a9-inner-blocks\">\n<div class=\"wp-block-stackable-image stk-block-image stk-block stk-ff77501\" data-block-id=\"ff77501\"><figure><span class=\"stk-img-wrapper stk-image--shape-stretch\"><img loading=\"lazy\" decoding=\"async\" class=\"stk-img wp-image-658\" src=\"https:\/\/staging.capannamontebar.casticino.ch\/wp-content\/uploads\/2025\/05\/bar-e-piantagioni.jpg\" width=\"1920\" height=\"1280\" srcset=\"https:\/\/capannamontebar.casticino.ch\/wp-content\/uploads\/2025\/05\/bar-e-piantagioni.jpg 1920w, https:\/\/capannamontebar.casticino.ch\/wp-content\/uploads\/2025\/05\/bar-e-piantagioni-300x200.jpg 300w, https:\/\/capannamontebar.casticino.ch\/wp-content\/uploads\/2025\/05\/bar-e-piantagioni-1024x683.jpg 1024w, https:\/\/capannamontebar.casticino.ch\/wp-content\/uploads\/2025\/05\/bar-e-piantagioni-768x512.jpg 768w, https:\/\/capannamontebar.casticino.ch\/wp-content\/uploads\/2025\/05\/bar-e-piantagioni-1536x1024.jpg 1536w\" sizes=\"auto, (max-width: 1920px) 100vw, 1920px\" \/><\/span><\/figure><\/div>\n\n\n\n<div class=\"wp-block-stackable-heading stk-block-heading stk-block-heading--v2 stk-block stk-ddef008\" id=\"strong-strong-der-weg-der-aufforstungen-strong-strong\" data-block-id=\"ddef008\"><h3 class=\"stk-block-heading__text\"><strong><strong>Der Weg der Aufforstungen<\/strong><\/strong><\/h3><\/div>\n\n\n\n<div class=\"wp-block-stackable-text stk-block-text stk-block stk-00edcb1\" data-block-id=\"00edcb1\"><style>.stk-00edcb1 {margin-bottom:10px !important;}<\/style><p class=\"stk-block-text__text\">Die schattige Route folgt einem bequemen Weg in einem Schutzwald, der Ende 1800 angepflanzt wurde, um das hydrogeologische Gleichgewicht des Tals des Flusses Cassarate aufrechtzuerhalten.<\/p><\/div>\n\n\n\n<p><a href=\"https:\/\/map.schweizmobil.ch\/?lang=de&amp;bgLayer=pk&amp;season=summer&amp;resolution=5&amp;E=2722222&amp;N=1106106&amp;trackId=4074163\" data-type=\"link\" data-id=\"https:\/\/map.schweizmobil.ch\/?lang=de&amp;bgLayer=pk&amp;season=summer&amp;resolution=5&amp;E=2722222&amp;N=1106106&amp;trackId=4074163\" target=\"_blank\" rel=\"noreferrer noopener\">Plan den Wanderwege<\/a><\/p>\n\n\n\n<figure class=\"wp-block-table\"><table class=\"has-fixed-layout\"><tbody><tr><td><strong><strong>L\u00e4nge<\/strong>:<\/strong><\/td><td>7 Km<\/td><\/tr><tr><td><strong><strong><strong><strong>H\u00f6hen<\/strong><\/strong><\/strong>:<\/strong><\/td><td>+800 m<\/td><\/tr><tr><td><strong><strong>Zeit<\/strong>:<\/strong><\/td><td>4h<\/td><\/tr><tr><td><strong><strong>Schwierigkeit<\/strong>:<\/strong><\/td><td>T2 (leicht)<\/td><\/tr><\/tbody><\/table><\/figure>\n\n\n\n<div class=\"wp-block-stackable-button-group stk-block-button-group stk-block stk-0ccf41c\" data-block-id=\"0ccf41c\"><div class=\"stk-row stk-inner-blocks stk-block-content stk-button-group\">\n<div class=\"wp-block-stackable-button stk-block-button stk-block stk-fb01ce5\" data-block-id=\"fb01ce5\"><style>.stk-fb01ce5 .stk-button{background:#477081 !important;}<\/style><a class=\"stk-link stk-button stk--hover-effect-darken\" href=\"https:\/\/capannamontebar.casticino.ch\/wp-content\/uploads\/2025\/03\/Aufforstungenweg.pdf\" target=\"_blank\" rel=\"noreferrer noopener\"><span class=\"stk-button__inner-text\">DETAILS<\/span><\/a><\/div>\n<\/div><\/div>\n<\/div><\/div><\/div>\n<\/div><\/div>\n\n\n\n<div class=\"wp-block-stackable-feature-grid alignwide stk-block-feature-grid stk-block-columns stk-block stk-321f93f is-style-default\" data-block-id=\"321f93f\"><div class=\"stk-row stk-inner-blocks has-text-align-center stk-block-content stk-content-align stk-321f93f-column alignwide\">\n<div class=\"wp-block-stackable-column stk-block-column stk-column stk-block stk-54a975b\" data-v=\"4\" data-block-id=\"54a975b\"><div class=\"stk-column-wrapper stk-block-column__content stk-container stk-54a975b-container stk-hover-parent\"><div class=\"stk-block-content stk-inner-blocks stk-54a975b-inner-blocks\">\n<div class=\"wp-block-stackable-image stk-block-image stk-block stk-183d5cd\" data-block-id=\"183d5cd\"><style>.stk-183d5cd .stk-img-wrapper{width:20% !important;}<\/style><figure><span class=\"stk-img-wrapper stk-image--shape-stretch\"><img loading=\"lazy\" decoding=\"async\" class=\"stk-img wp-image-655\" src=\"https:\/\/staging.capannamontebar.casticino.ch\/wp-content\/uploads\/2025\/05\/vistaLug-1.jpg\" width=\"640\" height=\"544\" srcset=\"https:\/\/capannamontebar.casticino.ch\/wp-content\/uploads\/2025\/05\/vistaLug-1.jpg 640w, https:\/\/capannamontebar.casticino.ch\/wp-content\/uploads\/2025\/05\/vistaLug-1-300x255.jpg 300w\" sizes=\"auto, (max-width: 640px) 100vw, 640px\" \/><\/span><\/figure><\/div>\n\n\n\n<div class=\"wp-block-stackable-heading stk-block-heading stk-block-heading--v2 stk-block stk-a54b789\" id=\"strong-der-weg-des-wildes-strong\" data-block-id=\"a54b789\"><h3 class=\"stk-block-heading__text\"><strong>Der Weg des Wildes<\/strong><\/h3><\/div>\n\n\n\n<div class=\"wp-block-stackable-text stk-block-text stk-block stk-8fcaf8d\" data-block-id=\"8fcaf8d\"><style>.stk-8fcaf8d {margin-bottom:10px !important;}<\/style><p class=\"stk-block-text__text\">Dies ist ein bequemer Weg im urw\u00fcchsigem Wald, der \u00fcberraschende Begegnungen mit dem Wild erm\u00f6glicht: Rehe, Hirsche, Eichh\u00f6rnchen und Wildschweine.<\/p><\/div>\n\n\n\n<p><a href=\"https:\/\/map.schweizmobil.ch\/?lang=de&amp;bgLayer=pk&amp;season=summer&amp;resolution=5&amp;E=2722748&amp;N=1107781&amp;trackId=4074167\" target=\"_blank\" rel=\"noreferrer noopener\">Plan den Wanderwege<\/a><\/p>\n\n\n\n<figure class=\"wp-block-table\"><table class=\"has-fixed-layout\"><tbody><tr><td><strong><strong>L\u00e4nge<\/strong>:<\/strong><\/td><td>7 Km<\/td><\/tr><tr><td><strong><strong><strong><strong>H\u00f6hen<\/strong><\/strong><\/strong>:<\/strong><\/td><td>+200 m<\/td><\/tr><tr><td><strong><strong>Zeit<\/strong>:<\/strong><\/td><td>3h<\/td><\/tr><tr><td><strong><strong>Schwierigkeit<\/strong>:<\/strong><\/td><td>T2 (leicht)<\/td><\/tr><\/tbody><\/table><\/figure>\n\n\n\n<div class=\"wp-block-stackable-button-group stk-block-button-group stk-block stk-650c25a\" data-block-id=\"650c25a\"><div class=\"stk-row stk-inner-blocks stk-block-content stk-button-group\">\n<div class=\"wp-block-stackable-button stk-block-button stk-block stk-eb78a57\" data-block-id=\"eb78a57\"><style>.stk-eb78a57 .stk-button{background:#477081 !important;}<\/style><a class=\"stk-link stk-button stk--hover-effect-darken\" href=\"https:\/\/capannamontebar.casticino.ch\/wp-content\/uploads\/2025\/03\/Wildesweg.pdf\" target=\"_blank\" rel=\"noreferrer noopener\"><span class=\"stk-button__inner-text\">DETAILS<\/span><\/a><\/div>\n<\/div><\/div>\n<\/div><\/div><\/div>\n<\/div><\/div>\n\n\n\n<p><\/p>\n","protected":false},"excerpt":{"rendered":"<p>Tourenvorschl\u00e4ge Der Weg der Skitr\u00e4gerinnen Diese Wanderung l\u00e4sst die Erinnerung an die \u201eSherpa Frauen\u201c, die vom Kirchhof der Kirche San Barnaba die Skier der wohlhabenden Luganer, die mit dem Postauto in Bidogno ankamen, zur Bergh\u00fctte trugen. Plan den Wanderwege L\u00e4nge: 4 Km H\u00f6hen: +800 m Zeit: 2h Schwierigkeit: T2 (leicht) DETAILS Der Weg der Barchi [&hellip;]<\/p>\n","protected":false},"author":2,"featured_media":0,"parent":0,"menu_order":0,"comment_status":"closed","ping_status":"closed","template":"","meta":{"footnotes":""},"class_list":["post-327","page","type-page","status-publish","hentry"],"_links":{"self":[{"href":"https:\/\/capannamontebar.casticino.ch\/index.php?rest_route=\/wp\/v2\/pages\/327","targetHints":{"allow":["GET"]}}],"collection":[{"href":"https:\/\/capannamontebar.casticino.ch\/index.php?rest_route=\/wp\/v2\/pages"}],"about":[{"href":"https:\/\/capannamontebar.casticino.ch\/index.php?rest_route=\/wp\/v2\/types\/page"}],"author":[{"embeddable":true,"href":"https:\/\/capannamontebar.casticino.ch\/index.php?rest_route=\/wp\/v2\/users\/2"}],"replies":[{"embeddable":true,"href":"https:\/\/capannamontebar.casticino.ch\/index.php?rest_route=%2Fwp%2Fv2%2Fcomments&post=327"}],"version-history":[{"count":10,"href":"https:\/\/capannamontebar.casticino.ch\/index.php?rest_route=\/wp\/v2\/pages\/327\/revisions"}],"predecessor-version":[{"id":684,"href":"https:\/\/capannamontebar.casticino.ch\/index.php?rest_route=\/wp\/v2\/pages\/327\/revisions\/684"}],"wp:attachment":[{"href":"https:\/\/capannamontebar.casticino.ch\/index.php?rest_route=%2Fwp%2Fv2%2Fmedia&parent=327"}],"curies":[{"name":"wp","href":"https:\/\/api.w.org\/{rel}","templated":true}]}}