{"id":39,"date":"2023-11-27T21:47:44","date_gmt":"2023-11-27T21:47:44","guid":{"rendered":"https:\/\/staging.capannamontebar.casticino.ch\/?page_id=39"},"modified":"2025-05-13T19:37:41","modified_gmt":"2025-05-13T19:37:41","slug":"attivita","status":"publish","type":"page","link":"https:\/\/capannamontebar.casticino.ch\/?page_id=39","title":{"rendered":"ATTIVIT\u00c0"},"content":{"rendered":"\n<div class=\"wp-block-stackable-spacer stk-block-spacer stk--no-padding stk-block stk-02bd149\" data-block-id=\"02bd149\"><\/div>\n\n\n\n<div class=\"wp-block-media-text is-stacked-on-mobile\" style=\"grid-template-columns:40% auto\"><figure class=\"wp-block-media-text__media\"><img loading=\"lazy\" decoding=\"async\" width=\"1024\" height=\"684\" src=\"https:\/\/staging.capannamontebar.casticino.ch\/wp-content\/uploads\/2024\/11\/mtb-con-vista-1024x684.jpg\" alt=\"\" class=\"wp-image-351 size-full\" srcset=\"https:\/\/capannamontebar.casticino.ch\/wp-content\/uploads\/2024\/11\/mtb-con-vista-1024x684.jpg 1024w, https:\/\/capannamontebar.casticino.ch\/wp-content\/uploads\/2024\/11\/mtb-con-vista-300x200.jpg 300w, https:\/\/capannamontebar.casticino.ch\/wp-content\/uploads\/2024\/11\/mtb-con-vista-768x513.jpg 768w, https:\/\/capannamontebar.casticino.ch\/wp-content\/uploads\/2024\/11\/mtb-con-vista-1536x1025.jpg 1536w, https:\/\/capannamontebar.casticino.ch\/wp-content\/uploads\/2024\/11\/mtb-con-vista.jpg 1748w\" sizes=\"auto, (max-width: 1024px) 100vw, 1024px\" \/><\/figure><div class=\"wp-block-media-text__content\">\n<div class=\"wp-block-stackable-heading stk-block-heading stk-block-heading--v2 stk-block stk-d9cf499\" id=\"mountain-bike-con-vista\" data-block-id=\"d9cf499\"><h3 class=\"stk-block-heading__text\">Mountain Bike con vista<\/h3><\/div>\n\n\n\n<p>La zona del Monte Bar offre innumerevoli possibilit\u00e0 per la pratica della Mountain Bike: tratti asfaltati, sterrati e single Trails si alternano e permettono a tutti gli appassionati di compiere magnifiche e panoramiche gite ad anello durante buona parte dell\u2019anno. La descrizione degli itinerari principali, in particolare\u00a0 i percorsi della rete nazionale nr 66, 358 e 359 \u00e8 visibile sul sito:\u00a0<a href=\"https:\/\/www.luganoregion.com\/it\/cosa-fare\/sport-e-natura\/bicicletta\" target=\"_blank\" rel=\"noreferrer noopener\">Lugano-Turismo<\/a>. <br>Oltre a questi percorsi, dalla capanna \u00e8 possibile raggiungere la Valle Cavargna passando dal passo San Lucio oppure scendere a nord verso la valle Serdena e Rivera.<\/p>\n<\/div><\/div>\n\n\n\n<div style=\"height:128px\" aria-hidden=\"true\" class=\"wp-block-spacer\"><\/div>\n\n\n\n<div class=\"wp-block-media-text has-media-on-the-right is-stacked-on-mobile\" style=\"grid-template-columns:auto 36%\"><div class=\"wp-block-media-text__content\">\n<div class=\"wp-block-stackable-heading stk-block-heading stk-block-heading--v2 stk-block stk-78cff98\" id=\"escursioni-per-tutti-i-gusti\" data-block-id=\"78cff98\"><h3 class=\"stk-block-heading__text\">Escursioni per tutti i gusti<\/h3><\/div>\n\n\n\n<p>La catena che si estende da Gola di Lago e culmina a 2115 metri del Gazzirola, \u00e8 solcata da numerosi sentieri escursionistici facilmente percorribili. Il rifugio pu\u00f2 essere considerato sia punto di arrivo, cos\u00ec come tappa per traversate di pi\u00f9 giorni, quali il Lugano Trekking o il sentiero nazionale nr 52.<br>Dalla capanna si pu\u00f2 raggiungere il Camogh\u00e8 e quindi la Valle Morobbia, ma c&#8217;\u00e8 anche la possibilit\u00e0 di compiere piacevoli passeggiate ad anello che, oltre a magnifici panorami, offrono parecchi spunti dal profilo naturalistico,&nbsp; paesaggistico e storico.<br>L\u2019autunno e la primavera sono le stagioni &nbsp;ideali per percorrere i sentieri di questo affascinante territorio.&nbsp; I 7 itinerari tematici che proponiamo vogliono stimolare gli appassionati a scoprire angoli poco conosciuti che offrono incontri e scoperte spesso sorprendenti.<\/p>\n<\/div><figure class=\"wp-block-media-text__media\"><img loading=\"lazy\" decoding=\"async\" width=\"495\" height=\"354\" src=\"https:\/\/staging.capannamontebar.casticino.ch\/wp-content\/uploads\/2024\/11\/escursione-tutti-i-gusti.jpg\" alt=\"\" class=\"wp-image-352 size-full\" srcset=\"https:\/\/capannamontebar.casticino.ch\/wp-content\/uploads\/2024\/11\/escursione-tutti-i-gusti.jpg 495w, https:\/\/capannamontebar.casticino.ch\/wp-content\/uploads\/2024\/11\/escursione-tutti-i-gusti-300x215.jpg 300w\" sizes=\"auto, (max-width: 495px) 100vw, 495px\" \/><\/figure><\/div>\n","protected":false},"excerpt":{"rendered":"","protected":false},"author":2,"featured_media":0,"parent":0,"menu_order":0,"comment_status":"closed","ping_status":"closed","template":"","meta":{"footnotes":""},"class_list":["post-39","page","type-page","status-publish","hentry"],"_links":{"self":[{"href":"https:\/\/capannamontebar.casticino.ch\/index.php?rest_route=\/wp\/v2\/pages\/39","targetHints":{"allow":["GET"]}}],"collection":[{"href":"https:\/\/capannamontebar.casticino.ch\/index.php?rest_route=\/wp\/v2\/pages"}],"about":[{"href":"https:\/\/capannamontebar.casticino.ch\/index.php?rest_route=\/wp\/v2\/types\/page"}],"author":[{"embeddable":true,"href":"https:\/\/capannamontebar.casticino.ch\/index.php?rest_route=\/wp\/v2\/users\/2"}],"replies":[{"embeddable":true,"href":"https:\/\/capannamontebar.casticino.ch\/index.php?rest_route=%2Fwp%2Fv2%2Fcomments&post=39"}],"version-history":[{"count":13,"href":"https:\/\/capannamontebar.casticino.ch\/index.php?rest_route=\/wp\/v2\/pages\/39\/revisions"}],"predecessor-version":[{"id":674,"href":"https:\/\/capannamontebar.casticino.ch\/index.php?rest_route=\/wp\/v2\/pages\/39\/revisions\/674"}],"wp:attachment":[{"href":"https:\/\/capannamontebar.casticino.ch\/index.php?rest_route=%2Fwp%2Fv2%2Fmedia&parent=39"}],"curies":[{"name":"wp","href":"https:\/\/api.w.org\/{rel}","templated":true}]}}