{"id":553,"date":"2025-03-24T18:10:28","date_gmt":"2025-03-24T18:10:28","guid":{"rendered":"https:\/\/staging.capannamontebar.casticino.ch\/?page_id=553"},"modified":"2025-05-12T17:24:54","modified_gmt":"2025-05-12T17:24:54","slug":"curiosita-2","status":"publish","type":"page","link":"https:\/\/capannamontebar.casticino.ch\/?page_id=553","title":{"rendered":"CURIOSIT\u00c0"},"content":{"rendered":"\n<div class=\"wp-block-stackable-image stk-block-image stk-block stk-d66977a\" data-block-id=\"d66977a\"><figure><span class=\"stk-img-wrapper stk-image--shape-stretch\"><img loading=\"lazy\" decoding=\"async\" class=\"stk-img wp-image-601\" src=\"https:\/\/staging.capannamontebar.casticino.ch\/wp-content\/uploads\/2025\/05\/2713531.jpg\" width=\"1920\" height=\"1280\" srcset=\"https:\/\/capannamontebar.casticino.ch\/wp-content\/uploads\/2025\/05\/2713531.jpg 1920w, https:\/\/capannamontebar.casticino.ch\/wp-content\/uploads\/2025\/05\/2713531-300x200.jpg 300w, https:\/\/capannamontebar.casticino.ch\/wp-content\/uploads\/2025\/05\/2713531-1024x683.jpg 1024w, https:\/\/capannamontebar.casticino.ch\/wp-content\/uploads\/2025\/05\/2713531-768x512.jpg 768w, https:\/\/capannamontebar.casticino.ch\/wp-content\/uploads\/2025\/05\/2713531-1536x1024.jpg 1536w\" sizes=\"auto, (max-width: 1920px) 100vw, 1920px\" \/><\/span><\/figure><\/div>\n\n\n\n<div class=\"wp-block-stackable-heading stk-block-heading stk-block-heading--v2 stk-block stk-cd32a2e\" id=\"lorigine-del-nome-della-montagna\" data-block-id=\"cd32a2e\"><h3 class=\"stk-block-heading__text\">L&#8217;origine del nome della montagna<\/h3><\/div>\n\n\n\n<p>Nel corso degli ultimi due milioni di anni, questa regione ha subito un notevole sollevamento causato da enormi forze tettoniche. Questo sollevamento non \u00e8 stato continuo, ma ha avuto luogo in tre diverse fasi e nei periodi di calma intermedi si sono formate nuove depressioni. I popoli edificarono i loro edifici rurali sulle tre alture terrazzate che emergevano: la terrazza dei villaggi, la terrazza dei \u201cbarchi\u201d e la terrazza degli alpeggi. I \u201cbarchi\u201d sono costruzioni tipiche della Val Cola e della Valle Capriasca. da una stalla e da un fienile. A causa della loro vicinanza al paese non erano abitati, come nel caso dei \u201cmaggenghi\u201d, ma venivano utilizzati solo per l&#8217;allevamento del bestiame. Le donne si recavano ai \u201cbarchi\u201d due volte al giorno per mungere le mucche. Il latte veniva trasformato in formaggio e burro in casa. Dal nome di queste particolari costruzioni deriva il nome del monte: barc \u2013 Monte Bar<\/p>\n\n\n\n<div class=\"wp-block-stackable-image stk-block-image stk-block stk-51a3ed4\" data-block-id=\"51a3ed4\"><figure><span class=\"stk-img-wrapper stk-image--shape-stretch\"><img loading=\"lazy\" decoding=\"async\" class=\"stk-img wp-image-555\" src=\"https:\/\/staging.capannamontebar.casticino.ch\/wp-content\/uploads\/2025\/03\/2.jpg\" width=\"1189\" height=\"570\" srcset=\"https:\/\/capannamontebar.casticino.ch\/wp-content\/uploads\/2025\/03\/2.jpg 1189w, https:\/\/capannamontebar.casticino.ch\/wp-content\/uploads\/2025\/03\/2-300x144.jpg 300w, https:\/\/capannamontebar.casticino.ch\/wp-content\/uploads\/2025\/03\/2-1024x491.jpg 1024w, https:\/\/capannamontebar.casticino.ch\/wp-content\/uploads\/2025\/03\/2-768x368.jpg 768w\" sizes=\"auto, (max-width: 1189px) 100vw, 1189px\" \/><\/span><\/figure><\/div>\n\n\n\n<div class=\"wp-block-stackable-heading stk-block-heading stk-block-heading--v2 stk-block stk-51cf462\" id=\"la-zona-forestale\" data-block-id=\"51cf462\"><h3 class=\"stk-block-heading__text\">La zona forestale<\/h3><\/div>\n\n\n\n<p>In passato il Monte Bar era ricoperto da una fitta vegetazione che ancora oggi \u00e8 possibile osservare sui monti circostanti. Per preservare i pascoli per il bestiame, alcune aree furono disboscate. L&#8217;attuale aspetto brullo e privo di alberi del Monte Bar emerse durante la seconda met\u00e0 dell&#8217;Ottocento. Quello che \u00e8 successo? Il motivo principale era la particolare situazione politica ed economica. A questo punto l\u2019Italia non era ancora uno Stato unitario. La Lombardia e il Veneto appartenevano all&#8217;Impero austriaco, il cui governo non era tollerato dal popolo. Nel marzo del 1848 a Milano scoppiarono tumulti e insurrezioni e dopo una battaglia durata cinque giorni il popolo riusc\u00ec a cacciare gli austriaci dalla citt\u00e0. Solo per un breve periodo gli austriaci tornarono e vinsero. Molte persone fuggirono e 20.000 profughi lombardi trovarono ospitalit\u00e0 in Ticino. Per ritorsione, l&#8217;Impero austriaco espulse tutti gli emigranti ticinesi dalla regione di Milano, ordin\u00f2 la cessazione dei rapporti economici e chiuse le frontiere con l&#8217;intento di affamare il Canton Ticino. Il rientro forzato dei lavoratori stagionali ticinesi (gli \u201cstagnatori\u201d) ha aggravato la gi\u00e0 grave crisi alimentare. Il forte aumento delle bocche da sfamare port\u00f2 ad un cambiamento significativo nella gestione della valle. L&#8217;agricoltura e l&#8217;allevamento del bestiame avevano bisogno di pi\u00f9 campi e pascoli e cos\u00ec ruppero l&#8217;equilibrio ecologico secolare. Vaste aree di foresta furono selvaggiamente abbattute o distrutte dal fuoco. La montagna divenne spoglia. Il disboscamento indiscriminato port\u00f2 seri problemi alla valle. Dopo la terribile alluvione del 1896, i pendii dovettero essere ampiamente piantumati per proteggere la montagna dall&#8217;erosione. Questo pu\u00f2 essere osservato ancora oggi durante le escursioni.<\/p>\n\n\n\n<div class=\"wp-block-stackable-image stk-block-image stk-block stk-6ba3915\" data-block-id=\"6ba3915\"><figure><span class=\"stk-img-wrapper stk-image--shape-stretch\"><img loading=\"lazy\" decoding=\"async\" class=\"stk-img wp-image-556\" src=\"https:\/\/staging.capannamontebar.casticino.ch\/wp-content\/uploads\/2025\/03\/3.jpg\" width=\"2362\" height=\"1131\" srcset=\"https:\/\/capannamontebar.casticino.ch\/wp-content\/uploads\/2025\/03\/3.jpg 2362w, https:\/\/capannamontebar.casticino.ch\/wp-content\/uploads\/2025\/03\/3-300x144.jpg 300w, https:\/\/capannamontebar.casticino.ch\/wp-content\/uploads\/2025\/03\/3-1024x490.jpg 1024w, https:\/\/capannamontebar.casticino.ch\/wp-content\/uploads\/2025\/03\/3-768x368.jpg 768w, https:\/\/capannamontebar.casticino.ch\/wp-content\/uploads\/2025\/03\/3-1536x735.jpg 1536w, https:\/\/capannamontebar.casticino.ch\/wp-content\/uploads\/2025\/03\/3-2048x981.jpg 2048w\" sizes=\"auto, (max-width: 2362px) 100vw, 2362px\" \/><\/span><\/figure><\/div>\n\n\n\n<div class=\"wp-block-stackable-heading stk-block-heading stk-block-heading--v2 stk-block stk-bc2d2e5\" id=\"un-viaggio-di-curiosita-naturalistiche\" data-block-id=\"bc2d2e5\"><h3 class=\"stk-block-heading__text\">Un viaggio di curiosit\u00e0 naturalistiche<\/h3><\/div>\n\n\n\n<p>Durante l&#8217;ultima era glaciale, il ghiaccio rimase al di sotto dei 1200 metri sul livello del mare, quindi la valle non si form\u00f2 a causa delle masse di ghiaccio, ma piuttosto dell&#8217;erosione dell&#8217;acqua e del vento. Le montagne non furono strette dalla morsa dei ghiacci, che favorirono la sopravvivenza di diverse forme di vita animale e vegetale: una vera e propria Arca di No\u00e8. Ci\u00f2 significa che sulla dorsale montuosa tra Caval Drossa e Gazzirola si possono trovare anche specie presenti gi\u00e0 prima dell&#8217;era glaciale. Inoltre, un gran numero di piante alpine furono spinte dal Mar Glaciale Artico fino alle vette libere dai ghiacci. Oggi vi si pu\u00f2 trovare sia la flora artica che quella mediterranea.<\/p>\n\n\n\n<p>Peculiarit\u00e0 della vegetazione della Capriasca e della Val Colla \u00e8 la suddivisione altitudinale che permette di ritrovare in una piccola area una diversit\u00e0 di specie che altrimenti si osserverebbero durante un lungo viaggio dalle latitudini subtropicali alla tundra artica. Partendo dal clima mite della zona collinare dove predominano i castagni, si attraversa la zona dei faggi e delle conifere e, dopo una zona di vegetazione bassa e sinuosa dove gli alberi lottano per la sopravvivenza, si raggiunge le vette montuose dove licheni, muschi e specie di flora alpina dominano l&#8217;ambiente.<\/p>\n\n\n\n<div class=\"wp-block-stackable-image stk-block-image stk-block stk-ac37aee\" data-block-id=\"ac37aee\"><figure><span class=\"stk-img-wrapper stk-image--shape-stretch\"><img loading=\"lazy\" decoding=\"async\" class=\"stk-img wp-image-557\" src=\"https:\/\/staging.capannamontebar.casticino.ch\/wp-content\/uploads\/2025\/03\/4.jpg\" width=\"2362\" height=\"1576\" srcset=\"https:\/\/capannamontebar.casticino.ch\/wp-content\/uploads\/2025\/03\/4.jpg 2362w, https:\/\/capannamontebar.casticino.ch\/wp-content\/uploads\/2025\/03\/4-300x200.jpg 300w, https:\/\/capannamontebar.casticino.ch\/wp-content\/uploads\/2025\/03\/4-1024x683.jpg 1024w, https:\/\/capannamontebar.casticino.ch\/wp-content\/uploads\/2025\/03\/4-768x512.jpg 768w, https:\/\/capannamontebar.casticino.ch\/wp-content\/uploads\/2025\/03\/4-1536x1025.jpg 1536w, https:\/\/capannamontebar.casticino.ch\/wp-content\/uploads\/2025\/03\/4-2048x1366.jpg 2048w\" sizes=\"auto, (max-width: 2362px) 100vw, 2362px\" \/><\/span><\/figure><\/div>\n\n\n\n<div class=\"wp-block-stackable-heading stk-block-heading stk-block-heading--v2 stk-block stk-39fc31d\" id=\"gli-sherpa-ticinesi\" data-block-id=\"39fc31d\"><h3 class=\"stk-block-heading__text\">Gli sherpa ticinesi<\/h3><\/div>\n\n\n\n<p>Un capitolo della storia del Monte Bar riguarda i portinai di Bidogno. Durante la costruzione della prima capanna nel 1936 c&#8217;erano donne forti che trasportavano i materiali da costruzione fino agli uomini del cantiere nella cesta da trasporto. Dopo che il rifugio fu completato, continuarono il loro lavoro di trasporto, questa volta per trasportare gli sci dei ricchi luganesi. Aspettavano i loro clienti sulla piazza della chiesa. Da l\u00ec si incamminavano lungo la mulattiera che passava davanti all&#8217;Oratorio della Maest\u00e0 e proseguivano la loro \u201cVia Crucis\u201d lungo P\u00fcfin, Ganna, Pian die Sotto e Musgatina fino al rifugio. Il prezzo per il trasporto di un paio di sci era di 50 centesimi.<\/p>\n\n\n\n<p>In primavera e in autunno le donne si arrampicavano sui pendii delle montagne trasportando giovani abeti o altri alberi per rimboschire i pendii. Le donne erano anche responsabili della raccolta e del trasporto delle foglie che servivano come lettiera per il bestiame. Una curiosit\u00e0 \u00e8 la raccolta delle felci, che venivano utilizzate anche come lettiera e furono consentite solo dopo il 2 settembre. Gli uomini erano lavoratori stagionali e quindi assenti. Inoltre, durante la Prima Guerra Mondiale, queste \u201cdonne sherpa\u201d trasportavano il cibo per i soldati fino al rifugio Camogh\u00e9.<\/p>\n\n\n\n<div class=\"wp-block-stackable-image stk-block-image stk-block stk-7460ea3\" data-block-id=\"7460ea3\"><figure><span class=\"stk-img-wrapper stk-image--shape-stretch\"><img loading=\"lazy\" decoding=\"async\" class=\"stk-img wp-image-558\" src=\"https:\/\/staging.capannamontebar.casticino.ch\/wp-content\/uploads\/2025\/03\/5.jpg\" width=\"2364\" height=\"1625\" srcset=\"https:\/\/capannamontebar.casticino.ch\/wp-content\/uploads\/2025\/03\/5.jpg 2364w, https:\/\/capannamontebar.casticino.ch\/wp-content\/uploads\/2025\/03\/5-300x206.jpg 300w, https:\/\/capannamontebar.casticino.ch\/wp-content\/uploads\/2025\/03\/5-1024x704.jpg 1024w, https:\/\/capannamontebar.casticino.ch\/wp-content\/uploads\/2025\/03\/5-768x528.jpg 768w, https:\/\/capannamontebar.casticino.ch\/wp-content\/uploads\/2025\/03\/5-1536x1056.jpg 1536w, https:\/\/capannamontebar.casticino.ch\/wp-content\/uploads\/2025\/03\/5-2048x1408.jpg 2048w\" sizes=\"auto, (max-width: 2364px) 100vw, 2364px\" \/><\/span><\/figure><\/div>\n\n\n\n<div class=\"wp-block-stackable-heading stk-block-heading stk-block-heading--v2 stk-block stk-c5acc8d\" id=\"massi-coppellari-e-incisioni-nella-pietra\" data-block-id=\"c5acc8d\"><h3 class=\"stk-block-heading__text\">Massi coppellari e incisioni nella pietra<\/h3><\/div>\n\n\n\n<p>Sul Monte Bar si possono osservare numerosi segni tipici incisi (ciotole, canali, croci, impronte, menhir, cerchi di pietre) su rocce che sporgono dal terreno, su blocchi di pietra franati e su massi sparsi. Da sempre l&#8217;uomo ha sentito l&#8217;esigenza di scandire il proprio spazio vitale con un sistema di simboli noto all&#8217;intera comunit\u00e0. I magici personaggi scolpiti nelle pietre attirano l&#8217;attenzione e la curiosit\u00e0 dell&#8217;osservatore. Vengono da<\/p>\n\n\n\n<p>circondato da un&#8217;aura misteriosa. Se li osserviamo con attenzione, possono svelare molti segreti della storia e dell&#8217;immaginario di quei popoli preistorici. Alcuni di questi segni sono simbolici. Ci invitano a riflettere su tutta una serie di aspetti poco conosciuti della cultura alpina.<\/p>\n\n\n\n<p>L&#8217;interpretazione dei petroglifi non \u00e8 semplice; le ipotesi interpretative sono molteplici. Alcune incisioni rappresenterebbero i confini di un territorio, altre simboleggiano luoghi di culto del sole o luoghi di pellegrinaggio in cui si compiono gesti per allontanare il male o si compiono sacrifici per scongiurare disastri naturali. Le cavit\u00e0 forse servivano a raccogliere l&#8217;acqua piovana, che veniva aspersa come protezione. Probabilmente nelle cavit\u00e0 veniva versato dell&#8217;olio e acceso per diffondere una luce di santit\u00e0.<\/p>\n\n\n\n<p>Da visitare in particolare il masso di confine tra Bidogno e Corticiasca, la roccia di Gola di Lago, il \u201cMotarell de la Stria\u201d di Roveredo, il \u201cGigante\u201d di Lelgio, la \u201cBalena bianca\u201d di Caslasc, i massi di Pian di Sotto, \u201cUl p\u00e9 del Crist\u201d di Lelgio, il sasso della Madonna di Borisio.<\/p>\n","protected":false},"excerpt":{"rendered":"<p>L&#8217;origine del nome della montagna Nel corso degli ultimi due milioni di anni, questa regione ha subito un notevole sollevamento causato da enormi forze tettoniche. Questo sollevamento non \u00e8 stato continuo, ma ha avuto luogo in tre diverse fasi e nei periodi di calma intermedi si sono formate nuove depressioni. I popoli edificarono i loro [&hellip;]<\/p>\n","protected":false},"author":2,"featured_media":0,"parent":0,"menu_order":0,"comment_status":"closed","ping_status":"closed","template":"","meta":{"footnotes":""},"class_list":["post-553","page","type-page","status-publish","hentry"],"_links":{"self":[{"href":"https:\/\/capannamontebar.casticino.ch\/index.php?rest_route=\/wp\/v2\/pages\/553","targetHints":{"allow":["GET"]}}],"collection":[{"href":"https:\/\/capannamontebar.casticino.ch\/index.php?rest_route=\/wp\/v2\/pages"}],"about":[{"href":"https:\/\/capannamontebar.casticino.ch\/index.php?rest_route=\/wp\/v2\/types\/page"}],"author":[{"embeddable":true,"href":"https:\/\/capannamontebar.casticino.ch\/index.php?rest_route=\/wp\/v2\/users\/2"}],"replies":[{"embeddable":true,"href":"https:\/\/capannamontebar.casticino.ch\/index.php?rest_route=%2Fwp%2Fv2%2Fcomments&post=553"}],"version-history":[{"count":3,"href":"https:\/\/capannamontebar.casticino.ch\/index.php?rest_route=\/wp\/v2\/pages\/553\/revisions"}],"predecessor-version":[{"id":669,"href":"https:\/\/capannamontebar.casticino.ch\/index.php?rest_route=\/wp\/v2\/pages\/553\/revisions\/669"}],"wp:attachment":[{"href":"https:\/\/capannamontebar.casticino.ch\/index.php?rest_route=%2Fwp%2Fv2%2Fmedia&parent=553"}],"curies":[{"name":"wp","href":"https:\/\/api.w.org\/{rel}","templated":true}]}}